
{"id":960,"date":"2016-12-09T15:46:51","date_gmt":"2016-12-09T15:46:51","guid":{"rendered":"http:\/\/www.777injury.com\/personal-injury-spanish\/"},"modified":"2022-05-12T04:50:34","modified_gmt":"2022-05-12T04:50:34","slug":"lesion-personal-en-orlando","status":"publish","type":"page","link":"https:\/\/www.777injury.com\/es\/lesion-personal-en-orlando\/","title":{"rendered":"Lesi\u00f3n Personal en Orlando"},"content":{"rendered":"\n<section class=\"pa-main-banner flex\" style=\"background-image: url('https:\/\/www.777injury.com\/wp-content\/uploads\/2019\/01\/homepage-03-1.jpg');\">\n\t<div class=\"flex awards\">\n\t\t<div class=\"indiv-award\"><img decoding=\"async\" width=\"257\" height=\"231\" src=\"\" class=\"attachment-full size-full\" alt=\"avvo 10 superb rating\" data-url=\"https:\/\/www.777injury.com\/wp-content\/uploads\/2016\/08\/benenati-avvo1.png\" loading=\"lazy\" sizes=\"auto, (max-width: 34.9rem) calc(100vw - 2rem), (max-width: 53rem) calc(8 * (100vw \/ 12)), (min-width: 53rem) calc(6 * (100vw \/ 12)), 100vw\" \/><\/div>\n\t\t<div class=\"indiv-award\"><img decoding=\"async\" width=\"307\" height=\"90\" src=\"\" class=\"attachment-full size-full\" alt=\"av preeminent\" srcset=\"https:\/\/www.777injury.com\/wp-content\/uploads\/2019\/01\/walter-benenati-av-rated-2019.png 307w, https:\/\/www.777injury.com\/wp-content\/uploads\/2019\/01\/walter-benenati-av-rated-2019-300x88.png 300w\" sizes=\"auto, (max-width: 34.9rem) calc(100vw - 2rem), (max-width: 53rem) calc(8 * (100vw \/ 12)), (min-width: 53rem) calc(6 * (100vw \/ 12)), 100vw\" data-url=\"https:\/\/www.777injury.com\/wp-content\/uploads\/2019\/01\/walter-benenati-av-rated-2019.png\" loading=\"lazy\" \/><\/div>\n\t\t<div class=\"indiv-award\"><img decoding=\"async\" width=\"236\" height=\"60\" src=\"\" class=\"attachment-full size-full\" alt=\"super lawyers\" data-url=\"https:\/\/www.777injury.com\/wp-content\/uploads\/2016\/04\/bene-award3.png\" loading=\"lazy\" sizes=\"auto, (max-width: 34.9rem) calc(100vw - 2rem), (max-width: 53rem) calc(8 * (100vw \/ 12)), (min-width: 53rem) calc(6 * (100vw \/ 12)), 100vw\" \/><\/div>\n\t\t<div class=\"indiv-award\"><img decoding=\"async\" width=\"187\" height=\"116\" src=\"\" class=\"attachment-full size-full\" alt=\"national advocates\" data-url=\"https:\/\/www.777injury.com\/wp-content\/uploads\/2016\/04\/bene-award4.png\" loading=\"lazy\" sizes=\"auto, (max-width: 34.9rem) calc(100vw - 2rem), (max-width: 53rem) calc(8 * (100vw \/ 12)), (min-width: 53rem) calc(6 * (100vw \/ 12)), 100vw\" \/><\/div>\n\t\t<div class=\"indiv-award\"><img decoding=\"async\" width=\"176\" height=\"150\" src=\"\" class=\"attachment-full size-full\" alt=\"legal elite\" data-url=\"https:\/\/www.777injury.com\/wp-content\/uploads\/2019\/06\/Florida-Legal-Elite-2019-Benenati-Yellow-2.png\" loading=\"lazy\" sizes=\"auto, (max-width: 34.9rem) calc(100vw - 2rem), (max-width: 53rem) calc(8 * (100vw \/ 12)), (min-width: 53rem) calc(6 * (100vw \/ 12)), 100vw\" \/><\/div>\n\t\t<div class=\"indiv-award\"><img decoding=\"async\" width=\"154\" height=\"144\" src=\"\" class=\"attachment-full size-full\" alt=\"top attorneys florida\" data-url=\"https:\/\/www.777injury.com\/wp-content\/uploads\/2016\/08\/award-12-with-shadow.png\" loading=\"lazy\" sizes=\"auto, (max-width: 34.9rem) calc(100vw - 2rem), (max-width: 53rem) calc(8 * (100vw \/ 12)), (min-width: 53rem) calc(6 * (100vw \/ 12)), 100vw\" \/><\/div>\n\t<\/div>\n<\/section>\n\n\n\n<section class=\"spanish-plain-section section-padding\">\n\t<div class=\"content-width\">\n\t\t\n<h1>Lesi\u00f3n Personal en Orlando<\/h1>\n<p>Usted estuvo involucrado en un accidente de coche. Usted est&aacute; sufriendo heridas y desea que alguien pague por ese sufrimiento. Es por eso que usted est&aacute; buscando un abogado de lesiones personales. Demasiadas veces, alguien contrata a un gran bufete de abogados y se pierde entre todos los casos. Eso no ocurrir&aacute; en nuestra empresa. No deje que le suceda a usted.<\/p>\n<p>La representaci&oacute;n de lesiones incluye:<\/p>\n<ul>\n<li>Lesiones Personales<\/li>\n<li>Accidentes automovil&iacute;sticos<\/li>\n<li>Accidentes el parque de diversiones<\/li>\n<li>Muerte il&iacute;cita<\/li>\n<li>Compensaci&oacute;n de trabajadores<\/li>\n<\/ul>\n<p>No se conforme con menos<\/p>\n<p>Nuestro juramento a usted es manejar su caso desde el principio hasta el fin de manera eficaz, competente y agresivamente. &iquest;Por qu&eacute; conformarse con menos cuando usted merece un gran bufete de abogados? Nuestra meta no es ser el mayor, sino el mejor. Tenemos oficinas en Orlando y Kissimmee para su comodidad, pero si usted prefiere podemos venir a usted, lo haremos; no con un &ldquo;investigador&rdquo;, pero con un abogado en su casa. Permitamos la oportunidad de darle la atenci&oacute;n personal que merece en su caso. Esta l&iacute;nea de montaje no es justicia. Te mereces lo mejor. Marcar 407-777-7777 hoy.<\/p>\n<p>La ley de lesiones personales permite a la persona lesionada a demandar, en una acci&oacute;n privada denominada acci&oacute;n extracontractual. Un &ldquo;agravio&rdquo; es un mal contra una persona, ya sea que se trate de un accidente de coche, el uso de un producto, o de la negligencia de otro.<\/p>\n<h3>Bufete de abogados de lesiones personales en Orlando asegurando indemnizaci&oacute;n para clientes lesionados en la Florida Central.<\/h3>\n<p>Las lesiones ocurren inesperadamente y a menudo sin culpa suya. Te encuentras frente a facturas m&eacute;dicas, salarios perdidos, dolor y discapacidad. Puede ser abrumadora. &iquest;Sabes qu&eacute; pasos tomar si usted ha sido lesionado debido a la negligencia de otro?<\/p>\n<p>Nuestros abogados de lesiones personales en nuestras oficinas de Orlando y Kissimmee le ayudar&aacute;n a conseguir lo que usted merece en su caso de lesiones personales. Es nuestro juramento a trabajar incansablemente en su nombre. Ll&aacute;menos al 407-777-7777.<\/p>\n<h3>Lo que podemos hacer por usted<\/h3>\n<p>En la Oficina Jur&iacute;dica de Walter F. Benenati, entendemos que los accidentes pueden ocurrir a cualquiera en cualquier momento y pueden cambiar la vida para siempre. Los accidentes pueden resultar en importantes aspectos f&iacute;sicos, emocionales y da&ntilde;os financieros y las v&iacute;ctimas pueden haber perdido la calidad de vida para ellos y sus familias. Las v&iacute;ctimas de lesiones catastr&oacute;ficas pueden requerir de atenci&oacute;n m&eacute;dica costosa, continua durante un tiempo cuando no est&aacute;n en condiciones de trabajar y proveer para su familia.<\/p>\n<p>Nuestros abogados entienden lo que se necesita para obtener justicia para los muertos o heridos en accidentes graves y estamos dedicados a esa misi&oacute;n. Si somos lo suficientemente afortunados para representarlo haremos todo lo que est&eacute; en nuestro poder para ayudarle a recuperar la totalidad del importe de la compensaci&oacute;n que merece por sus lesiones y p&eacute;rdidas.<\/p>\n<p>Si usted o un miembro de su familia ha sido herido debido a la negligencia de alguien m&aacute;s, la Oficina de Walter F. Benenati est&aacute; listo para ayudarle. Deje que nuestra experiencia y atenci&oacute;n a los detalles le ayude a maximizar su recuperaci&oacute;n.<\/p>\n<p>En las Oficinas de Walter F. Benenati nos enorgullecemos en representaci&oacute;n agresiva y efectiva. Nuestros abogados tienen experiencia en todo tipo de reclamaciones por lesiones personales incluyendo resbalones y ca&iacute;das, lesiones cerebrales traum&aacute;ticas, negligencia m&eacute;dica, accidentes automovil&iacute;sticos, compensaci&oacute;n de trabajadores y mordeduras de perro.<\/p>\n<p>Es importante que usted venga a nosotros en la primera oportunidad para que nos permita iniciar la investigaci&oacute;n. Tenemos que identificar a las partes responsables y empezar a reunir informaci&oacute;n mientras la evidencia a&uacute;n est&aacute; disponible. Una vez que los responsables han sido identificados, podemos comenzar a determinar todos los pasados, actuales y futuros gastos y da&ntilde;os provocados por el accidente. En muchos casos es necesario trabajar con expertos en accidentes, contadores, m&eacute;dicos, expertos vocacionales, economistas y otros profesionales para obtener una comprensi&oacute;n precisa de los da&ntilde;os potenciales.<\/p>\n<p>Encuentre las respuestas a algunas preguntas frecuentes sobre lesiones personales aqu&iacute;.&nbsp;No se retrase. Ll&aacute;menos al 407-777-7777 para contarnos lo que sucedi&oacute; o env&iacute;enos un correo electr&oacute;nico hoy aqu&iacute;. Esperamos con inter&eacute;s escuchar de usted.<\/p>\n\t<\/div>\n\t<a class=\"button\" href=\"tel:+14077777777\">Llama <br \/> 407-777-7777<\/a>\n<\/section>\n\n\n<!-- <section class=\"benenati-team-section lazyload\" data-bg-img=\"\"><\/section> -->\n\n\n<section class=\"cta-black-section\">\n\t<a href=\"tel:+14077777777\" class=\"flex click-to-call content-width\">\n\t\t<p>Llame al bufete de abogados Benenati hoy<\/p>\n\t\t<div><img decoding=\"async\" width=\"370\" height=\"87\" src=\"\" class=\"attachment-full size-full\" alt=\"call benenati number\" srcset=\"https:\/\/www.777injury.com\/wp-content\/uploads\/2020\/09\/new-777-number.png 370w, https:\/\/www.777injury.com\/wp-content\/uploads\/2020\/09\/new-777-number-300x71.png 300w\" sizes=\"auto, (max-width: 34.9rem) calc(100vw - 2rem), (max-width: 53rem) calc(8 * (100vw \/ 12)), (min-width: 53rem) calc(6 * (100vw \/ 12)), 100vw\" data-url=\"https:\/\/www.777injury.com\/wp-content\/uploads\/2020\/09\/new-777-number.png\" loading=\"lazy\" \/><\/div>\n\t<\/a>\n<\/section>\n\n\n\n\n<section class=\"awards-section section-padding\">\n\t<div class=\"content-width\">\n\t\t<h2>Tenemos los Premios<\/h2>\n\t\t<p>El bufete de abogados de Benenati ha recibido numerosos premios y reconocimientos a lo largo de los a\u00f1os por nuestros servicios jur\u00eddicos. Estos incluyen, pero no se limitan a, el reconocimiento de Avvo, Super Lawyers, Florida Legal Elite, y los abogados nacionales de alto nivel.<\/p>\n\t\t<div class=\"flex award-badges\">\n\t\t\t<div class=\"indiv-award\"><img decoding=\"async\" width=\"194\" height=\"89\" src=\"\" class=\"attachment-full size-full\" alt=\"avvo badge\" data-url=\"https:\/\/www.777injury.com\/wp-content\/uploads\/2016\/04\/bene-avvo-mobile.png\" loading=\"lazy\" sizes=\"auto, (max-width: 34.9rem) calc(100vw - 2rem), (max-width: 53rem) calc(8 * (100vw \/ 12)), (min-width: 53rem) calc(6 * (100vw \/ 12)), 100vw\" \/><\/div>\n\t\t\t<div class=\"indiv-award\"><img decoding=\"async\" width=\"117\" height=\"117\" src=\"\" class=\"attachment-full size-full\" alt=\"Walter Benenati - Distinguished Justice Advocates Top %1 Attorneys In America\/USA - Personal Injury Attorney In Orlando, Florida\" srcset=\"https:\/\/www.777injury.com\/wp-content\/uploads\/2016\/04\/award-2.png 117w, https:\/\/www.777injury.com\/wp-content\/uploads\/2016\/04\/award-2-50x50.png 50w, https:\/\/www.777injury.com\/wp-content\/uploads\/2016\/04\/award-2-100x100.png 100w\" sizes=\"auto, (max-width: 34.9rem) calc(100vw - 2rem), (max-width: 53rem) calc(8 * (100vw \/ 12)), (min-width: 53rem) calc(6 * (100vw \/ 12)), 100vw\" data-url=\"https:\/\/www.777injury.com\/wp-content\/uploads\/2016\/04\/award-2.png\" loading=\"lazy\" \/><\/div>\n\t\t\t<div class=\"indiv-award\"><img decoding=\"async\" width=\"196\" height=\"165\" src=\"\" class=\"attachment-full size-full\" alt=\"\" data-url=\"https:\/\/www.777injury.com\/wp-content\/uploads\/2019\/01\/superlawyers-yellow.png\" loading=\"lazy\" sizes=\"auto, (max-width: 34.9rem) calc(100vw - 2rem), (max-width: 53rem) calc(8 * (100vw \/ 12)), (min-width: 53rem) calc(6 * (100vw \/ 12)), 100vw\" \/><\/div>\n\t\t\t<div class=\"indiv-award\"><img decoding=\"async\" width=\"131\" height=\"115\" src=\"\" class=\"attachment-full size-full\" alt=\"avvo superb rating badge\" data-url=\"https:\/\/www.777injury.com\/wp-content\/uploads\/2016\/04\/award-4.png\" loading=\"lazy\" sizes=\"auto, (max-width: 34.9rem) calc(100vw - 2rem), (max-width: 53rem) calc(8 * (100vw \/ 12)), (min-width: 53rem) calc(6 * (100vw \/ 12)), 100vw\" \/><\/div>\n\t\t\t<div class=\"indiv-award\"><img decoding=\"async\" width=\"154\" height=\"144\" src=\"\" class=\"attachment-full size-full\" alt=\"top florida lawyers\" data-url=\"https:\/\/www.777injury.com\/wp-content\/uploads\/2016\/04\/award-5.png\" loading=\"lazy\" sizes=\"auto, (max-width: 34.9rem) calc(100vw - 2rem), (max-width: 53rem) calc(8 * (100vw \/ 12)), (min-width: 53rem) calc(6 * (100vw \/ 12)), 100vw\" \/><\/div>\n\t\t\t<div class=\"indiv-award\"><img decoding=\"async\" width=\"252\" height=\"85\" src=\"\" class=\"attachment-full size-full\" alt=\"Flordia legal elite\" data-url=\"https:\/\/www.777injury.com\/wp-content\/uploads\/2019\/08\/award-9-no-shadow-2019.png\" loading=\"lazy\" sizes=\"auto, (max-width: 34.9rem) calc(100vw - 2rem), (max-width: 53rem) calc(8 * (100vw \/ 12)), (min-width: 53rem) calc(6 * (100vw \/ 12)), 100vw\" \/><\/div>\n\t\t\t<div class=\"indiv-award\"><img decoding=\"async\" width=\"154\" height=\"144\" src=\"\" class=\"attachment-full size-full\" alt=\"top florida rising stars\" data-url=\"https:\/\/www.777injury.com\/wp-content\/uploads\/2016\/08\/award-12-no-shadow.png\" loading=\"lazy\" sizes=\"auto, (max-width: 34.9rem) calc(100vw - 2rem), (max-width: 53rem) calc(8 * (100vw \/ 12)), (min-width: 53rem) calc(6 * (100vw \/ 12)), 100vw\" \/><\/div>\n\t\t\t<div class=\"indiv-award\"><img decoding=\"async\" width=\"157\" height=\"96\" src=\"\" class=\"attachment-full size-full\" alt=\"national advocates\" data-url=\"https:\/\/www.777injury.com\/wp-content\/uploads\/2016\/04\/award-8.png\" loading=\"lazy\" sizes=\"auto, (max-width: 34.9rem) calc(100vw - 2rem), (max-width: 53rem) calc(8 * (100vw \/ 12)), (min-width: 53rem) calc(6 * (100vw \/ 12)), 100vw\" \/><\/div>\n\t\t\t<div class=\"indiv-award\"><img decoding=\"async\" width=\"300\" height=\"88\" src=\"\" class=\"attachment-full size-full\" alt=\"preeminent\" data-url=\"https:\/\/www.777injury.com\/wp-content\/uploads\/2019\/01\/Walter_F_Benenati_PR_AV_300-2019.png\" loading=\"lazy\" sizes=\"auto, (max-width: 34.9rem) calc(100vw - 2rem), (max-width: 53rem) calc(8 * (100vw \/ 12)), (min-width: 53rem) calc(6 * (100vw \/ 12)), 100vw\" \/><\/div>\n\t\t\t<div class=\"indiv-award\"><img decoding=\"async\" width=\"300\" height=\"66\" src=\"\" class=\"attachment-full size-full\" alt=\"platinum client champion\" data-url=\"https:\/\/www.777injury.com\/wp-content\/uploads\/2018\/04\/Walter_F_Benenati_CR_Platinum_300-colored.png\" loading=\"lazy\" sizes=\"auto, (max-width: 34.9rem) calc(100vw - 2rem), (max-width: 53rem) calc(8 * (100vw \/ 12)), (min-width: 53rem) calc(6 * (100vw \/ 12)), 100vw\" \/><\/div>\n\t\t<\/div>\n\t<\/div>\n\t<\/section>\n\n\n\n\n<section class=\"contact-form-section section-padding lazyload\" data-bg-img=\"https:\/\/www.777injury.com\/wp-content\/uploads\/2016\/08\/consultation-bg.jpg\" id=\"get-help\">\n\t<div class=\"content-width\">\n\t\t<h2>Consulta Inicial Gratuita<\/h2>\n\t\t<p>Si usted ha sufrido una lesi\u00f3n grave debido a la negligencia de otro, o se est\u00e1 asfixiando bajo monta\u00f1as de deudas, una consulta con el bufete de abogados de Benenati puede resultar extremadamente ventajosa. Le animamos a que llame a nuestras oficinas hoy al 407-777-7777, o llene nuestro formulario en l\u00ednea para solicitar su consulta de caso gratis, sin compromiso y completamente confidencial. Si usted es incapaz de viajar a nuestra ubicaci\u00f3n durante nuestras horas de oficina, ofrecemos despu\u00e9s de horas y visitas a domicilio para su conveniencia, tambi\u00e9n.\n<\/p>\n\n\t\t<iframe class=\"resizable\" title=\"Contact Form\" data-url=\"\/ajax-form-1\/\" aria-label=\"Contact Form\" frameborder=\"0\" width=\"600\" height=\"100\"><\/iframe>\n\t<\/div>\n<\/section>\n\n\n\n","protected":false},"excerpt":{"rendered":"","protected":false},"author":1,"featured_media":0,"parent":0,"menu_order":0,"comment_status":"closed","ping_status":"closed","template":"","meta":{"footnotes":""},"class_list":["post-960","page","type-page","status-publish","hentry","entry"],"yoast_head":"<!-- This site is optimized with the Yoast SEO plugin v27.5 - https:\/\/yoast.com\/product\/yoast-seo-wordpress\/ -->\n<title>Lesi\u00f3n Personal en Orlando | Benenati<\/title>\n<meta name=\"description\" content=\"\u00bfTuviste un accidente reciente en Orlando? Los abogados de accidente en la Oficina del Abogado Benenati pueden darte la ayuda que necesitas. 407-777-7777.\" \/>\n<meta name=\"robots\" content=\"index, follow, max-snippet:-1, max-image-preview:large, max-video-preview:-1\" \/>\n<link rel=\"canonical\" href=\"https:\/\/www.777injury.com\/es\/lesion-personal-en-orlando\/\" \/>\n<meta property=\"og:locale\" content=\"es_ES\" \/>\n<meta property=\"og:type\" content=\"article\" \/>\n<meta property=\"og:title\" content=\"Lesi\u00f3n Personal en Orlando | Benenati\" \/>\n<meta property=\"og:description\" content=\"\u00bfTuviste un accidente reciente en Orlando? Los abogados de accidente en la Oficina del Abogado Benenati pueden darte la ayuda que necesitas. 407-777-7777.\" \/>\n<meta property=\"og:url\" content=\"https:\/\/www.777injury.com\/es\/lesion-personal-en-orlando\/\" \/>\n<meta property=\"og:site_name\" content=\"Benenati Law Firm\" \/>\n<meta property=\"article:modified_time\" content=\"2022-05-12T04:50:34+00:00\" \/>\n<meta name=\"twitter:card\" content=\"summary_large_image\" \/>\n<meta name=\"twitter:label1\" content=\"Tiempo de lectura\" \/>\n\t<meta name=\"twitter:data1\" content=\"4 minutos\" \/>\n<script type=\"application\/ld+json\" class=\"yoast-schema-graph\">{\"@context\":\"https:\\\/\\\/schema.org\",\"@graph\":[{\"@type\":\"WebPage\",\"@id\":\"https:\\\/\\\/www.777injury.com\\\/es\\\/lesion-personal-en-orlando\\\/\",\"url\":\"https:\\\/\\\/www.777injury.com\\\/es\\\/lesion-personal-en-orlando\\\/\",\"name\":\"Lesi\u00f3n Personal en Orlando | Benenati\",\"isPartOf\":{\"@id\":\"https:\\\/\\\/www.777injury.com\\\/#website\"},\"datePublished\":\"2016-12-09T15:46:51+00:00\",\"dateModified\":\"2022-05-12T04:50:34+00:00\",\"description\":\"\u00bfTuviste un accidente reciente en Orlando? Los abogados de accidente en la Oficina del Abogado Benenati pueden darte la ayuda que necesitas. 407-777-7777.\",\"breadcrumb\":{\"@id\":\"https:\\\/\\\/www.777injury.com\\\/es\\\/lesion-personal-en-orlando\\\/#breadcrumb\"},\"inLanguage\":\"es\",\"potentialAction\":[{\"@type\":\"ReadAction\",\"target\":[\"https:\\\/\\\/www.777injury.com\\\/es\\\/lesion-personal-en-orlando\\\/\"]}]},{\"@type\":\"BreadcrumbList\",\"@id\":\"https:\\\/\\\/www.777injury.com\\\/es\\\/lesion-personal-en-orlando\\\/#breadcrumb\",\"itemListElement\":[{\"@type\":\"ListItem\",\"position\":1,\"name\":\"Home\",\"item\":\"https:\\\/\\\/www.777injury.com\\\/es\\\/\"},{\"@type\":\"ListItem\",\"position\":2,\"name\":\"Lesi\u00f3n Personal en Orlando\"}]},{\"@type\":\"WebSite\",\"@id\":\"https:\\\/\\\/www.777injury.com\\\/#website\",\"url\":\"https:\\\/\\\/www.777injury.com\\\/\",\"name\":\"Benenati Law Firm\",\"description\":\"\",\"publisher\":{\"@id\":\"https:\\\/\\\/www.777injury.com\\\/#organization\"},\"potentialAction\":[{\"@type\":\"SearchAction\",\"target\":{\"@type\":\"EntryPoint\",\"urlTemplate\":\"https:\\\/\\\/www.777injury.com\\\/?s={search_term_string}\"},\"query-input\":{\"@type\":\"PropertyValueSpecification\",\"valueRequired\":true,\"valueName\":\"search_term_string\"}}],\"inLanguage\":\"es\"},{\"@type\":\"Organization\",\"@id\":\"https:\\\/\\\/www.777injury.com\\\/#organization\",\"name\":\"Benenati Law Firm\",\"url\":\"https:\\\/\\\/www.777injury.com\\\/\",\"logo\":{\"@type\":\"ImageObject\",\"inLanguage\":\"es\",\"@id\":\"https:\\\/\\\/www.777injury.com\\\/#\\\/schema\\\/logo\\\/image\\\/\",\"url\":\"https:\\\/\\\/www.777injury.com\\\/wp-content\\\/uploads\\\/2023\\\/03\\\/cropped-Dial_7_if_you_need_a_lawyer-removebg-preview.png\",\"contentUrl\":\"https:\\\/\\\/www.777injury.com\\\/wp-content\\\/uploads\\\/2023\\\/03\\\/cropped-Dial_7_if_you_need_a_lawyer-removebg-preview.png\",\"width\":190,\"height\":190,\"caption\":\"Benenati Law Firm\"},\"image\":{\"@id\":\"https:\\\/\\\/www.777injury.com\\\/#\\\/schema\\\/logo\\\/image\\\/\"}}]}<\/script>\n<!-- \/ Yoast SEO plugin. -->","yoast_head_json":{"title":"Lesi\u00f3n Personal en Orlando | Benenati","description":"\u00bfTuviste un accidente reciente en Orlando? Los abogados de accidente en la Oficina del Abogado Benenati pueden darte la ayuda que necesitas. 407-777-7777.","robots":{"index":"index","follow":"follow","max-snippet":"max-snippet:-1","max-image-preview":"max-image-preview:large","max-video-preview":"max-video-preview:-1"},"canonical":"https:\/\/www.777injury.com\/es\/lesion-personal-en-orlando\/","og_locale":"es_ES","og_type":"article","og_title":"Lesi\u00f3n Personal en Orlando | Benenati","og_description":"\u00bfTuviste un accidente reciente en Orlando? Los abogados de accidente en la Oficina del Abogado Benenati pueden darte la ayuda que necesitas. 407-777-7777.","og_url":"https:\/\/www.777injury.com\/es\/lesion-personal-en-orlando\/","og_site_name":"Benenati Law Firm","article_modified_time":"2022-05-12T04:50:34+00:00","twitter_card":"summary_large_image","twitter_misc":{"Tiempo de lectura":"4 minutos"},"schema":{"@context":"https:\/\/schema.org","@graph":[{"@type":"WebPage","@id":"https:\/\/www.777injury.com\/es\/lesion-personal-en-orlando\/","url":"https:\/\/www.777injury.com\/es\/lesion-personal-en-orlando\/","name":"Lesi\u00f3n Personal en Orlando | Benenati","isPartOf":{"@id":"https:\/\/www.777injury.com\/#website"},"datePublished":"2016-12-09T15:46:51+00:00","dateModified":"2022-05-12T04:50:34+00:00","description":"\u00bfTuviste un accidente reciente en Orlando? Los abogados de accidente en la Oficina del Abogado Benenati pueden darte la ayuda que necesitas. 407-777-7777.","breadcrumb":{"@id":"https:\/\/www.777injury.com\/es\/lesion-personal-en-orlando\/#breadcrumb"},"inLanguage":"es","potentialAction":[{"@type":"ReadAction","target":["https:\/\/www.777injury.com\/es\/lesion-personal-en-orlando\/"]}]},{"@type":"BreadcrumbList","@id":"https:\/\/www.777injury.com\/es\/lesion-personal-en-orlando\/#breadcrumb","itemListElement":[{"@type":"ListItem","position":1,"name":"Home","item":"https:\/\/www.777injury.com\/es\/"},{"@type":"ListItem","position":2,"name":"Lesi\u00f3n Personal en Orlando"}]},{"@type":"WebSite","@id":"https:\/\/www.777injury.com\/#website","url":"https:\/\/www.777injury.com\/","name":"Benenati Law Firm","description":"","publisher":{"@id":"https:\/\/www.777injury.com\/#organization"},"potentialAction":[{"@type":"SearchAction","target":{"@type":"EntryPoint","urlTemplate":"https:\/\/www.777injury.com\/?s={search_term_string}"},"query-input":{"@type":"PropertyValueSpecification","valueRequired":true,"valueName":"search_term_string"}}],"inLanguage":"es"},{"@type":"Organization","@id":"https:\/\/www.777injury.com\/#organization","name":"Benenati Law Firm","url":"https:\/\/www.777injury.com\/","logo":{"@type":"ImageObject","inLanguage":"es","@id":"https:\/\/www.777injury.com\/#\/schema\/logo\/image\/","url":"https:\/\/www.777injury.com\/wp-content\/uploads\/2023\/03\/cropped-Dial_7_if_you_need_a_lawyer-removebg-preview.png","contentUrl":"https:\/\/www.777injury.com\/wp-content\/uploads\/2023\/03\/cropped-Dial_7_if_you_need_a_lawyer-removebg-preview.png","width":190,"height":190,"caption":"Benenati Law Firm"},"image":{"@id":"https:\/\/www.777injury.com\/#\/schema\/logo\/image\/"}}]}},"_links":{"self":[{"href":"https:\/\/www.777injury.com\/es\/wp-json\/wp\/v2\/pages\/960","targetHints":{"allow":["GET"]}}],"collection":[{"href":"https:\/\/www.777injury.com\/es\/wp-json\/wp\/v2\/pages"}],"about":[{"href":"https:\/\/www.777injury.com\/es\/wp-json\/wp\/v2\/types\/page"}],"author":[{"embeddable":true,"href":"https:\/\/www.777injury.com\/es\/wp-json\/wp\/v2\/users\/1"}],"replies":[{"embeddable":true,"href":"https:\/\/www.777injury.com\/es\/wp-json\/wp\/v2\/comments?post=960"}],"version-history":[{"count":0,"href":"https:\/\/www.777injury.com\/es\/wp-json\/wp\/v2\/pages\/960\/revisions"}],"wp:attachment":[{"href":"https:\/\/www.777injury.com\/es\/wp-json\/wp\/v2\/media?parent=960"}],"curies":[{"name":"wp","href":"https:\/\/api.w.org\/{rel}","templated":true}]}}