
{"id":1377,"date":"2018-01-16T00:05:15","date_gmt":"2018-01-16T00:05:15","guid":{"rendered":"https:\/\/www.777injury.com\/personal-injury-spanish\/orlando-amusement-park-injuries-spanish\/disneys-typhoon-lagoon-park-accident-lawyers-spanish\/"},"modified":"2020-03-10T17:27:04","modified_gmt":"2020-03-10T17:27:04","slug":"abogados-de-accidentes-del-parque-disneys-typhoon-lagoon","status":"publish","type":"page","link":"https:\/\/www.777injury.com\/es\/lesion-personal-en-orlando\/lesiones-del-parque-de-atracciones-de-orlando\/abogados-de-accidentes-del-parque-disneys-typhoon-lagoon\/","title":{"rendered":"Abogados de Accidentes del Parque Disney&#8217;s Typhoon Lagoon"},"content":{"rendered":"\n<section class=\"pa-main-banner flex\" style=\"background-image: url('https:\/\/www.777injury.com\/wp-content\/uploads\/2019\/01\/homepage-03-1.jpg');\">\n\t<div class=\"flex awards\">\n\t\t<div class=\"indiv-award\"><img decoding=\"async\" width=\"257\" height=\"231\" src=\"\" class=\"attachment-full size-full\" alt=\"avvo 10 superb rating\" data-url=\"https:\/\/www.777injury.com\/wp-content\/uploads\/2016\/08\/benenati-avvo1.png\" loading=\"lazy\" sizes=\"auto, (max-width: 34.9rem) calc(100vw - 2rem), (max-width: 53rem) calc(8 * (100vw \/ 12)), (min-width: 53rem) calc(6 * (100vw \/ 12)), 100vw\" \/><\/div>\n\t\t<div class=\"indiv-award\"><img decoding=\"async\" width=\"307\" height=\"90\" src=\"\" class=\"attachment-full size-full\" alt=\"av preeminent\" srcset=\"https:\/\/www.777injury.com\/wp-content\/uploads\/2019\/01\/walter-benenati-av-rated-2019.png 307w, https:\/\/www.777injury.com\/wp-content\/uploads\/2019\/01\/walter-benenati-av-rated-2019-300x88.png 300w\" sizes=\"auto, (max-width: 34.9rem) calc(100vw - 2rem), (max-width: 53rem) calc(8 * (100vw \/ 12)), (min-width: 53rem) calc(6 * (100vw \/ 12)), 100vw\" data-url=\"https:\/\/www.777injury.com\/wp-content\/uploads\/2019\/01\/walter-benenati-av-rated-2019.png\" loading=\"lazy\" \/><\/div>\n\t\t<div class=\"indiv-award\"><img decoding=\"async\" width=\"236\" height=\"60\" src=\"\" class=\"attachment-full size-full\" alt=\"super lawyers\" data-url=\"https:\/\/www.777injury.com\/wp-content\/uploads\/2016\/04\/bene-award3.png\" loading=\"lazy\" sizes=\"auto, (max-width: 34.9rem) calc(100vw - 2rem), (max-width: 53rem) calc(8 * (100vw \/ 12)), (min-width: 53rem) calc(6 * (100vw \/ 12)), 100vw\" \/><\/div>\n\t\t<div class=\"indiv-award\"><img decoding=\"async\" width=\"187\" height=\"116\" src=\"\" class=\"attachment-full size-full\" alt=\"national advocates\" data-url=\"https:\/\/www.777injury.com\/wp-content\/uploads\/2016\/04\/bene-award4.png\" loading=\"lazy\" sizes=\"auto, (max-width: 34.9rem) calc(100vw - 2rem), (max-width: 53rem) calc(8 * (100vw \/ 12)), (min-width: 53rem) calc(6 * (100vw \/ 12)), 100vw\" \/><\/div>\n\t\t<div class=\"indiv-award\"><img decoding=\"async\" width=\"176\" height=\"150\" src=\"\" class=\"attachment-full size-full\" alt=\"legal elite\" data-url=\"https:\/\/www.777injury.com\/wp-content\/uploads\/2019\/06\/Florida-Legal-Elite-2019-Benenati-Yellow-2.png\" loading=\"lazy\" sizes=\"auto, (max-width: 34.9rem) calc(100vw - 2rem), (max-width: 53rem) calc(8 * (100vw \/ 12)), (min-width: 53rem) calc(6 * (100vw \/ 12)), 100vw\" \/><\/div>\n\t\t<div class=\"indiv-award\"><img decoding=\"async\" width=\"154\" height=\"144\" src=\"\" class=\"attachment-full size-full\" alt=\"top attorneys florida\" data-url=\"https:\/\/www.777injury.com\/wp-content\/uploads\/2016\/08\/award-12-with-shadow.png\" loading=\"lazy\" sizes=\"auto, (max-width: 34.9rem) calc(100vw - 2rem), (max-width: 53rem) calc(8 * (100vw \/ 12)), (min-width: 53rem) calc(6 * (100vw \/ 12)), 100vw\" \/><\/div>\n\t<\/div>\n<\/section>\n\n\n\n<section class=\"spanish-plain-section section-padding\">\n\t<div class=\"content-width\">\n\t\t\n<h1>Abogados de Accidentes del Parque Disney&rsquo;s Typhoon Lagoon<\/h1>\n<p>Disney&rsquo;s Typhoon Lagoon, es parte del complejo de Disney World, ofrece a las familias la ventajas de combinar las atracciones del parque tem&aacute;tico con agua para crear unas divertidas vacaciones en familia.<\/p>\n<h3>Abogados de lesiones y accidentes del parque de diversiones &ndash; Disney&rsquo;s Typhoon Lagoon<\/h3>\n<p>Florida y el agua van mano en mano. Conocida por sus altas temperaturas durante todo el a&ntilde;o, Florida tiene algunas de las m&aacute;s sugerentes, parques acu&aacute;ticos en todo el mundo. Disney&rsquo;s Typhoon Lagoon, parte del complejo de Disney World, ofrece a las familias las ventajas de combinar las atracciones del parque tem&aacute;tico con agua para crear unas divertidas vacaciones en familia. La fantas&iacute;a de Disney es emocionante y ofrece a los visitantes de todo el mundo una oportunidad para participar en la magia.<\/p>\n<p>Sin embargo, a veces durante nuestros tiempos favoritos en la familia, los accidentes pueden ocurrir. Si usted o un ser querido han resultado heridos en el &aacute;rea de Orlando, el abogado de lesiones personales Walter F. Benenati puede ayudarle con sus lesiones de parque de diversiones.<\/p>\n<h3>Lesiones de parques de diversiones<\/h3>\n<p>Mientras que las lesiones ocurridas en la propiedad de Disney pueden ser de leves a severas, Disney World y sus empresas asociadas a menudo est&aacute;n m&aacute;s que dispuestos a ayudar a quienes est&aacute;n heridos en su propiedad. Si usted ha sido lesionado en Disney&rsquo;s Typhoon Lagoon, usted puede tener derecho a una indemnizaci&oacute;n por las lesiones. La compensaci&oacute;n puede incluir:<\/p>\n<ul>\n<li>Salarios perdidos<\/li>\n<li>Beneficios m&eacute;dicos<\/li>\n<li>Beneficios de discapacidad<\/li>\n<li>Gastos de viaje relacionados con las lesiones<\/li>\n<\/ul>\n<p>Los accidentes y las lesiones pueden ocurrir debido a la negligencia de los empleados del parque o gente de mantenimiento. Si usted es una v&iacute;ctima de la negligencia, se le debe una indemnizaci&oacute;n por su sufrimiento. Consulte con un abogado experimentado de lesiones personales para contestar cualquier pregunta que pueda tener acerca de sus lesiones y la indemnizaci&oacute;n.<\/p>\n<h3>P&oacute;ngase en contacto con el Bufete de abogados de lesiones personales Walter F. Benenati para ayudarle con su reclamaci&oacute;n.<\/h3>\n<p>Si sus vacaciones fueron interrumpidas por lesiones, no dude en llamar al abogado de lesiones personales Walter F. Benenati. Nos comprometemos a manejar su caso de principio a fin de manera eficaz, competente y agresivamente. Como un peque&ntilde;o bufete de abogados, nuestra meta no es ser el mayor, sino el mejor. Trabajamos para conseguir el &eacute;xito en cada paso del camino. Su caso de lesiones personales estar&aacute; en buenas manos. Llame a nuestras oficinas para programar su consulta gratuita, sin obligaci&oacute;n al 407-777-7777.<\/p>\n\t<\/div>\n\t<a class=\"button\" href=\"tel:+14077777777\">Llama <br \/> 407-777-7777<\/a>\n<\/section>\n\n\n<!-- <section class=\"benenati-team-section lazyload\" data-bg-img=\"\"><\/section> -->\n\n\n<section class=\"cta-black-section\">\n\t<a href=\"tel:+14077777777\" class=\"flex click-to-call content-width\">\n\t\t<p>Llame al bufete de abogados Benenati hoy<\/p>\n\t\t<div><img decoding=\"async\" width=\"370\" height=\"87\" src=\"\" class=\"attachment-full size-full\" alt=\"call benenati number\" srcset=\"https:\/\/www.777injury.com\/wp-content\/uploads\/2020\/09\/new-777-number.png 370w, https:\/\/www.777injury.com\/wp-content\/uploads\/2020\/09\/new-777-number-300x71.png 300w\" sizes=\"auto, (max-width: 34.9rem) calc(100vw - 2rem), (max-width: 53rem) calc(8 * (100vw \/ 12)), (min-width: 53rem) calc(6 * (100vw \/ 12)), 100vw\" data-url=\"https:\/\/www.777injury.com\/wp-content\/uploads\/2020\/09\/new-777-number.png\" loading=\"lazy\" \/><\/div>\n\t<\/a>\n<\/section>\n\n\n\n\n<section class=\"awards-section section-padding\">\n\t<div class=\"content-width\">\n\t\t<h2>Tenemos los Premios<\/h2>\n\t\t<p>El bufete de abogados de Benenati ha recibido numerosos premios y reconocimientos a lo largo de los a\u00f1os por nuestros servicios jur\u00eddicos. Estos incluyen, pero no se limitan a, el reconocimiento de Avvo, Super Lawyers, Florida Legal Elite, y los abogados nacionales de alto nivel.<\/p>\n\t\t<div class=\"flex award-badges\">\n\t\t\t<div class=\"indiv-award\"><img decoding=\"async\" width=\"194\" height=\"89\" src=\"\" class=\"attachment-full size-full\" alt=\"avvo badge\" data-url=\"https:\/\/www.777injury.com\/wp-content\/uploads\/2016\/04\/bene-avvo-mobile.png\" loading=\"lazy\" sizes=\"auto, (max-width: 34.9rem) calc(100vw - 2rem), (max-width: 53rem) calc(8 * (100vw \/ 12)), (min-width: 53rem) calc(6 * (100vw \/ 12)), 100vw\" \/><\/div>\n\t\t\t<div class=\"indiv-award\"><img decoding=\"async\" width=\"117\" height=\"117\" src=\"\" class=\"attachment-full size-full\" alt=\"Walter Benenati - Distinguished Justice Advocates Top %1 Attorneys In America\/USA - Personal Injury Attorney In Orlando, Florida\" srcset=\"https:\/\/www.777injury.com\/wp-content\/uploads\/2016\/04\/award-2.png 117w, https:\/\/www.777injury.com\/wp-content\/uploads\/2016\/04\/award-2-50x50.png 50w, https:\/\/www.777injury.com\/wp-content\/uploads\/2016\/04\/award-2-100x100.png 100w\" sizes=\"auto, (max-width: 34.9rem) calc(100vw - 2rem), (max-width: 53rem) calc(8 * (100vw \/ 12)), (min-width: 53rem) calc(6 * (100vw \/ 12)), 100vw\" data-url=\"https:\/\/www.777injury.com\/wp-content\/uploads\/2016\/04\/award-2.png\" loading=\"lazy\" \/><\/div>\n\t\t\t<div class=\"indiv-award\"><img decoding=\"async\" width=\"196\" height=\"165\" src=\"\" class=\"attachment-full size-full\" alt=\"\" data-url=\"https:\/\/www.777injury.com\/wp-content\/uploads\/2019\/01\/superlawyers-yellow.png\" loading=\"lazy\" sizes=\"auto, (max-width: 34.9rem) calc(100vw - 2rem), (max-width: 53rem) calc(8 * (100vw \/ 12)), (min-width: 53rem) calc(6 * (100vw \/ 12)), 100vw\" \/><\/div>\n\t\t\t<div class=\"indiv-award\"><img decoding=\"async\" width=\"131\" height=\"115\" src=\"\" class=\"attachment-full size-full\" alt=\"avvo superb rating badge\" data-url=\"https:\/\/www.777injury.com\/wp-content\/uploads\/2016\/04\/award-4.png\" loading=\"lazy\" sizes=\"auto, (max-width: 34.9rem) calc(100vw - 2rem), (max-width: 53rem) calc(8 * (100vw \/ 12)), (min-width: 53rem) calc(6 * (100vw \/ 12)), 100vw\" \/><\/div>\n\t\t\t<div class=\"indiv-award\"><img decoding=\"async\" width=\"154\" height=\"144\" src=\"\" class=\"attachment-full size-full\" alt=\"top florida lawyers\" data-url=\"https:\/\/www.777injury.com\/wp-content\/uploads\/2016\/04\/award-5.png\" loading=\"lazy\" sizes=\"auto, (max-width: 34.9rem) calc(100vw - 2rem), (max-width: 53rem) calc(8 * (100vw \/ 12)), (min-width: 53rem) calc(6 * (100vw \/ 12)), 100vw\" \/><\/div>\n\t\t\t<div class=\"indiv-award\"><img decoding=\"async\" width=\"252\" height=\"85\" src=\"\" class=\"attachment-full size-full\" alt=\"Flordia legal elite\" data-url=\"https:\/\/www.777injury.com\/wp-content\/uploads\/2019\/08\/award-9-no-shadow-2019.png\" loading=\"lazy\" sizes=\"auto, (max-width: 34.9rem) calc(100vw - 2rem), (max-width: 53rem) calc(8 * (100vw \/ 12)), (min-width: 53rem) calc(6 * (100vw \/ 12)), 100vw\" \/><\/div>\n\t\t\t<div class=\"indiv-award\"><img decoding=\"async\" width=\"154\" height=\"144\" src=\"\" class=\"attachment-full size-full\" alt=\"top florida rising stars\" data-url=\"https:\/\/www.777injury.com\/wp-content\/uploads\/2016\/08\/award-12-no-shadow.png\" loading=\"lazy\" sizes=\"auto, (max-width: 34.9rem) calc(100vw - 2rem), (max-width: 53rem) calc(8 * (100vw \/ 12)), (min-width: 53rem) calc(6 * (100vw \/ 12)), 100vw\" \/><\/div>\n\t\t\t<div class=\"indiv-award\"><img decoding=\"async\" width=\"157\" height=\"96\" src=\"\" class=\"attachment-full size-full\" alt=\"national advocates\" data-url=\"https:\/\/www.777injury.com\/wp-content\/uploads\/2016\/04\/award-8.png\" loading=\"lazy\" sizes=\"auto, (max-width: 34.9rem) calc(100vw - 2rem), (max-width: 53rem) calc(8 * (100vw \/ 12)), (min-width: 53rem) calc(6 * (100vw \/ 12)), 100vw\" \/><\/div>\n\t\t\t<div class=\"indiv-award\"><img decoding=\"async\" width=\"300\" height=\"88\" src=\"\" class=\"attachment-full size-full\" alt=\"preeminent\" data-url=\"https:\/\/www.777injury.com\/wp-content\/uploads\/2019\/01\/Walter_F_Benenati_PR_AV_300-2019.png\" loading=\"lazy\" sizes=\"auto, (max-width: 34.9rem) calc(100vw - 2rem), (max-width: 53rem) calc(8 * (100vw \/ 12)), (min-width: 53rem) calc(6 * (100vw \/ 12)), 100vw\" \/><\/div>\n\t\t\t<div class=\"indiv-award\"><img decoding=\"async\" width=\"300\" height=\"66\" src=\"\" class=\"attachment-full size-full\" alt=\"platinum client champion\" data-url=\"https:\/\/www.777injury.com\/wp-content\/uploads\/2018\/04\/Walter_F_Benenati_CR_Platinum_300-colored.png\" loading=\"lazy\" sizes=\"auto, (max-width: 34.9rem) calc(100vw - 2rem), (max-width: 53rem) calc(8 * (100vw \/ 12)), (min-width: 53rem) calc(6 * (100vw \/ 12)), 100vw\" \/><\/div>\n\t\t<\/div>\n\t<\/div>\n\t<\/section>\n\n\n\n\n<section class=\"contact-form-section section-padding lazyload\" data-bg-img=\"https:\/\/www.777injury.com\/wp-content\/uploads\/2016\/08\/consultation-bg.jpg\" id=\"get-help\">\n\t<div class=\"content-width\">\n\t\t<h2>Consulta Inicial Gratuita<\/h2>\n\t\t<p>Si usted ha sufrido una lesi\u00f3n grave debido a la negligencia de otro, o se est\u00e1 asfixiando bajo monta\u00f1as de deudas, una consulta con el bufete de abogados de Benenati puede resultar extremadamente ventajosa. Le animamos a que llame a nuestras oficinas hoy al 407-777-7777, o llene nuestro formulario en l\u00ednea para solicitar su consulta de caso gratis, sin compromiso y completamente confidencial. Si usted es incapaz de viajar a nuestra ubicaci\u00f3n durante nuestras horas de oficina, ofrecemos despu\u00e9s de horas y visitas a domicilio para su conveniencia, tambi\u00e9n.\n<\/p>\n\n\t\t<iframe class=\"resizable\" title=\"Contact Form\" data-url=\"\/ajax-form-1\/\" aria-label=\"Contact Form\" frameborder=\"0\" width=\"600\" height=\"100\"><\/iframe>\n\t<\/div>\n<\/section>\n\n\n\n","protected":false},"excerpt":{"rendered":"","protected":false},"author":1,"featured_media":0,"parent":1369,"menu_order":0,"comment_status":"closed","ping_status":"closed","template":"","meta":{"footnotes":""},"class_list":["post-1377","page","type-page","status-publish","hentry","entry"],"yoast_head":"<!-- This site is optimized with the Yoast SEO plugin v27.4 - https:\/\/yoast.com\/product\/yoast-seo-wordpress\/ -->\n<title>Abogados de Accidentes del Parque Disney&#039;s Typhoon Lagoon | Benenati<\/title>\n<meta name=\"description\" content=\"Si tuviste un accidente mientras disfrutabas de un dia de sol en Disney&#039;s Typhoon Lagoon, la oficina del Abogado Benenati te puede ayudar. Marca todos 7&#039;s hoy. Llama al 407-777-7777.\" \/>\n<meta name=\"robots\" content=\"index, follow, max-snippet:-1, max-image-preview:large, max-video-preview:-1\" \/>\n<link rel=\"canonical\" href=\"https:\/\/www.777injury.com\/es\/lesion-personal-en-orlando\/lesiones-del-parque-de-atracciones-de-orlando\/abogados-de-accidentes-del-parque-disneys-typhoon-lagoon\/\" \/>\n<meta property=\"og:locale\" content=\"es_ES\" \/>\n<meta property=\"og:type\" content=\"article\" \/>\n<meta property=\"og:title\" content=\"Abogados de Accidentes del Parque Disney&#039;s Typhoon Lagoon | Benenati\" \/>\n<meta property=\"og:description\" content=\"Si tuviste un accidente mientras disfrutabas de un dia de sol en Disney&#039;s Typhoon Lagoon, la oficina del Abogado Benenati te puede ayudar. Marca todos 7&#039;s hoy. Llama al 407-777-7777.\" \/>\n<meta property=\"og:url\" content=\"https:\/\/www.777injury.com\/es\/lesion-personal-en-orlando\/lesiones-del-parque-de-atracciones-de-orlando\/abogados-de-accidentes-del-parque-disneys-typhoon-lagoon\/\" \/>\n<meta property=\"og:site_name\" content=\"Benenati Law Firm\" \/>\n<meta property=\"article:modified_time\" content=\"2020-03-10T17:27:04+00:00\" \/>\n<meta name=\"twitter:card\" content=\"summary_large_image\" \/>\n<meta name=\"twitter:label1\" content=\"Tiempo de lectura\" \/>\n\t<meta name=\"twitter:data1\" content=\"2 minutos\" \/>\n<script type=\"application\/ld+json\" class=\"yoast-schema-graph\">{\"@context\":\"https:\\\/\\\/schema.org\",\"@graph\":[{\"@type\":\"WebPage\",\"@id\":\"https:\\\/\\\/www.777injury.com\\\/es\\\/lesion-personal-en-orlando\\\/lesiones-del-parque-de-atracciones-de-orlando\\\/abogados-de-accidentes-del-parque-disneys-typhoon-lagoon\\\/\",\"url\":\"https:\\\/\\\/www.777injury.com\\\/es\\\/lesion-personal-en-orlando\\\/lesiones-del-parque-de-atracciones-de-orlando\\\/abogados-de-accidentes-del-parque-disneys-typhoon-lagoon\\\/\",\"name\":\"Abogados de Accidentes del Parque Disney's Typhoon Lagoon | Benenati\",\"isPartOf\":{\"@id\":\"https:\\\/\\\/www.777injury.com\\\/#website\"},\"datePublished\":\"2018-01-16T00:05:15+00:00\",\"dateModified\":\"2020-03-10T17:27:04+00:00\",\"description\":\"Si tuviste un accidente mientras disfrutabas de un dia de sol en Disney's Typhoon Lagoon, la oficina del Abogado Benenati te puede ayudar. Marca todos 7's hoy. Llama al 407-777-7777.\",\"breadcrumb\":{\"@id\":\"https:\\\/\\\/www.777injury.com\\\/es\\\/lesion-personal-en-orlando\\\/lesiones-del-parque-de-atracciones-de-orlando\\\/abogados-de-accidentes-del-parque-disneys-typhoon-lagoon\\\/#breadcrumb\"},\"inLanguage\":\"es\",\"potentialAction\":[{\"@type\":\"ReadAction\",\"target\":[\"https:\\\/\\\/www.777injury.com\\\/es\\\/lesion-personal-en-orlando\\\/lesiones-del-parque-de-atracciones-de-orlando\\\/abogados-de-accidentes-del-parque-disneys-typhoon-lagoon\\\/\"]}]},{\"@type\":\"BreadcrumbList\",\"@id\":\"https:\\\/\\\/www.777injury.com\\\/es\\\/lesion-personal-en-orlando\\\/lesiones-del-parque-de-atracciones-de-orlando\\\/abogados-de-accidentes-del-parque-disneys-typhoon-lagoon\\\/#breadcrumb\",\"itemListElement\":[{\"@type\":\"ListItem\",\"position\":1,\"name\":\"Home\",\"item\":\"https:\\\/\\\/www.777injury.com\\\/es\\\/\"},{\"@type\":\"ListItem\",\"position\":2,\"name\":\"Lesi\u00f3n Personal en Orlando\",\"item\":\"https:\\\/\\\/www.777injury.com\\\/es\\\/lesion-personal-en-orlando\\\/\"},{\"@type\":\"ListItem\",\"position\":3,\"name\":\"Lesiones del Parque de Atracciones de Orlando\",\"item\":\"https:\\\/\\\/www.777injury.com\\\/es\\\/lesion-personal-en-orlando\\\/lesiones-del-parque-de-atracciones-de-orlando\\\/\"},{\"@type\":\"ListItem\",\"position\":4,\"name\":\"Abogados de Accidentes del Parque Disney&#8217;s Typhoon Lagoon\"}]},{\"@type\":\"WebSite\",\"@id\":\"https:\\\/\\\/www.777injury.com\\\/#website\",\"url\":\"https:\\\/\\\/www.777injury.com\\\/\",\"name\":\"Benenati Law Firm\",\"description\":\"\",\"publisher\":{\"@id\":\"https:\\\/\\\/www.777injury.com\\\/#organization\"},\"potentialAction\":[{\"@type\":\"SearchAction\",\"target\":{\"@type\":\"EntryPoint\",\"urlTemplate\":\"https:\\\/\\\/www.777injury.com\\\/?s={search_term_string}\"},\"query-input\":{\"@type\":\"PropertyValueSpecification\",\"valueRequired\":true,\"valueName\":\"search_term_string\"}}],\"inLanguage\":\"es\"},{\"@type\":\"Organization\",\"@id\":\"https:\\\/\\\/www.777injury.com\\\/#organization\",\"name\":\"Benenati Law Firm\",\"url\":\"https:\\\/\\\/www.777injury.com\\\/\",\"logo\":{\"@type\":\"ImageObject\",\"inLanguage\":\"es\",\"@id\":\"https:\\\/\\\/www.777injury.com\\\/#\\\/schema\\\/logo\\\/image\\\/\",\"url\":\"https:\\\/\\\/www.777injury.com\\\/wp-content\\\/uploads\\\/2023\\\/03\\\/cropped-Dial_7_if_you_need_a_lawyer-removebg-preview.png\",\"contentUrl\":\"https:\\\/\\\/www.777injury.com\\\/wp-content\\\/uploads\\\/2023\\\/03\\\/cropped-Dial_7_if_you_need_a_lawyer-removebg-preview.png\",\"width\":190,\"height\":190,\"caption\":\"Benenati Law Firm\"},\"image\":{\"@id\":\"https:\\\/\\\/www.777injury.com\\\/#\\\/schema\\\/logo\\\/image\\\/\"}}]}<\/script>\n<!-- \/ Yoast SEO plugin. -->","yoast_head_json":{"title":"Abogados de Accidentes del Parque Disney's Typhoon Lagoon | Benenati","description":"Si tuviste un accidente mientras disfrutabas de un dia de sol en Disney's Typhoon Lagoon, la oficina del Abogado Benenati te puede ayudar. Marca todos 7's hoy. Llama al 407-777-7777.","robots":{"index":"index","follow":"follow","max-snippet":"max-snippet:-1","max-image-preview":"max-image-preview:large","max-video-preview":"max-video-preview:-1"},"canonical":"https:\/\/www.777injury.com\/es\/lesion-personal-en-orlando\/lesiones-del-parque-de-atracciones-de-orlando\/abogados-de-accidentes-del-parque-disneys-typhoon-lagoon\/","og_locale":"es_ES","og_type":"article","og_title":"Abogados de Accidentes del Parque Disney's Typhoon Lagoon | Benenati","og_description":"Si tuviste un accidente mientras disfrutabas de un dia de sol en Disney's Typhoon Lagoon, la oficina del Abogado Benenati te puede ayudar. Marca todos 7's hoy. Llama al 407-777-7777.","og_url":"https:\/\/www.777injury.com\/es\/lesion-personal-en-orlando\/lesiones-del-parque-de-atracciones-de-orlando\/abogados-de-accidentes-del-parque-disneys-typhoon-lagoon\/","og_site_name":"Benenati Law Firm","article_modified_time":"2020-03-10T17:27:04+00:00","twitter_card":"summary_large_image","twitter_misc":{"Tiempo de lectura":"2 minutos"},"schema":{"@context":"https:\/\/schema.org","@graph":[{"@type":"WebPage","@id":"https:\/\/www.777injury.com\/es\/lesion-personal-en-orlando\/lesiones-del-parque-de-atracciones-de-orlando\/abogados-de-accidentes-del-parque-disneys-typhoon-lagoon\/","url":"https:\/\/www.777injury.com\/es\/lesion-personal-en-orlando\/lesiones-del-parque-de-atracciones-de-orlando\/abogados-de-accidentes-del-parque-disneys-typhoon-lagoon\/","name":"Abogados de Accidentes del Parque Disney's Typhoon Lagoon | Benenati","isPartOf":{"@id":"https:\/\/www.777injury.com\/#website"},"datePublished":"2018-01-16T00:05:15+00:00","dateModified":"2020-03-10T17:27:04+00:00","description":"Si tuviste un accidente mientras disfrutabas de un dia de sol en Disney's Typhoon Lagoon, la oficina del Abogado Benenati te puede ayudar. Marca todos 7's hoy. Llama al 407-777-7777.","breadcrumb":{"@id":"https:\/\/www.777injury.com\/es\/lesion-personal-en-orlando\/lesiones-del-parque-de-atracciones-de-orlando\/abogados-de-accidentes-del-parque-disneys-typhoon-lagoon\/#breadcrumb"},"inLanguage":"es","potentialAction":[{"@type":"ReadAction","target":["https:\/\/www.777injury.com\/es\/lesion-personal-en-orlando\/lesiones-del-parque-de-atracciones-de-orlando\/abogados-de-accidentes-del-parque-disneys-typhoon-lagoon\/"]}]},{"@type":"BreadcrumbList","@id":"https:\/\/www.777injury.com\/es\/lesion-personal-en-orlando\/lesiones-del-parque-de-atracciones-de-orlando\/abogados-de-accidentes-del-parque-disneys-typhoon-lagoon\/#breadcrumb","itemListElement":[{"@type":"ListItem","position":1,"name":"Home","item":"https:\/\/www.777injury.com\/es\/"},{"@type":"ListItem","position":2,"name":"Lesi\u00f3n Personal en Orlando","item":"https:\/\/www.777injury.com\/es\/lesion-personal-en-orlando\/"},{"@type":"ListItem","position":3,"name":"Lesiones del Parque de Atracciones de Orlando","item":"https:\/\/www.777injury.com\/es\/lesion-personal-en-orlando\/lesiones-del-parque-de-atracciones-de-orlando\/"},{"@type":"ListItem","position":4,"name":"Abogados de Accidentes del Parque Disney&#8217;s Typhoon Lagoon"}]},{"@type":"WebSite","@id":"https:\/\/www.777injury.com\/#website","url":"https:\/\/www.777injury.com\/","name":"Benenati Law Firm","description":"","publisher":{"@id":"https:\/\/www.777injury.com\/#organization"},"potentialAction":[{"@type":"SearchAction","target":{"@type":"EntryPoint","urlTemplate":"https:\/\/www.777injury.com\/?s={search_term_string}"},"query-input":{"@type":"PropertyValueSpecification","valueRequired":true,"valueName":"search_term_string"}}],"inLanguage":"es"},{"@type":"Organization","@id":"https:\/\/www.777injury.com\/#organization","name":"Benenati Law Firm","url":"https:\/\/www.777injury.com\/","logo":{"@type":"ImageObject","inLanguage":"es","@id":"https:\/\/www.777injury.com\/#\/schema\/logo\/image\/","url":"https:\/\/www.777injury.com\/wp-content\/uploads\/2023\/03\/cropped-Dial_7_if_you_need_a_lawyer-removebg-preview.png","contentUrl":"https:\/\/www.777injury.com\/wp-content\/uploads\/2023\/03\/cropped-Dial_7_if_you_need_a_lawyer-removebg-preview.png","width":190,"height":190,"caption":"Benenati Law Firm"},"image":{"@id":"https:\/\/www.777injury.com\/#\/schema\/logo\/image\/"}}]}},"_links":{"self":[{"href":"https:\/\/www.777injury.com\/es\/wp-json\/wp\/v2\/pages\/1377","targetHints":{"allow":["GET"]}}],"collection":[{"href":"https:\/\/www.777injury.com\/es\/wp-json\/wp\/v2\/pages"}],"about":[{"href":"https:\/\/www.777injury.com\/es\/wp-json\/wp\/v2\/types\/page"}],"author":[{"embeddable":true,"href":"https:\/\/www.777injury.com\/es\/wp-json\/wp\/v2\/users\/1"}],"replies":[{"embeddable":true,"href":"https:\/\/www.777injury.com\/es\/wp-json\/wp\/v2\/comments?post=1377"}],"version-history":[{"count":0,"href":"https:\/\/www.777injury.com\/es\/wp-json\/wp\/v2\/pages\/1377\/revisions"}],"up":[{"embeddable":true,"href":"https:\/\/www.777injury.com\/es\/wp-json\/wp\/v2\/pages\/1369"}],"wp:attachment":[{"href":"https:\/\/www.777injury.com\/es\/wp-json\/wp\/v2\/media?parent=1377"}],"curies":[{"name":"wp","href":"https:\/\/api.w.org\/{rel}","templated":true}]}}