
{"id":1372,"date":"2018-01-16T00:00:22","date_gmt":"2018-01-16T00:00:22","guid":{"rendered":"https:\/\/www.777injury.com\/personal-injury-spanish\/orlando-car-accident-lawyer-spanish\/"},"modified":"2020-04-15T15:44:02","modified_gmt":"2020-04-15T15:44:02","slug":"abogados-de-accidentes-de-carro-en-orlando","status":"publish","type":"page","link":"https:\/\/www.777injury.com\/es\/lesion-personal-en-orlando\/abogados-de-accidentes-de-carro-en-orlando\/","title":{"rendered":"Abogados De Accidentes De Carro En Orlando"},"content":{"rendered":"\n<section class=\"pa-main-banner flex\" style=\"background-image: url('https:\/\/www.777injury.com\/wp-content\/uploads\/2019\/01\/homepage-03-1.jpg');\">\n\t<div class=\"flex awards\">\n\t\t<div class=\"indiv-award\"><img decoding=\"async\" width=\"257\" height=\"231\" src=\"\" class=\"attachment-full size-full\" alt=\"avvo 10 superb rating\" data-url=\"https:\/\/www.777injury.com\/wp-content\/uploads\/2016\/08\/benenati-avvo1.png\" loading=\"lazy\" sizes=\"auto, (max-width: 34.9rem) calc(100vw - 2rem), (max-width: 53rem) calc(8 * (100vw \/ 12)), (min-width: 53rem) calc(6 * (100vw \/ 12)), 100vw\" \/><\/div>\n\t\t<div class=\"indiv-award\"><img decoding=\"async\" width=\"307\" height=\"90\" src=\"\" class=\"attachment-full size-full\" alt=\"av preeminent\" srcset=\"https:\/\/www.777injury.com\/wp-content\/uploads\/2019\/01\/walter-benenati-av-rated-2019.png 307w, https:\/\/www.777injury.com\/wp-content\/uploads\/2019\/01\/walter-benenati-av-rated-2019-300x88.png 300w\" sizes=\"auto, (max-width: 34.9rem) calc(100vw - 2rem), (max-width: 53rem) calc(8 * (100vw \/ 12)), (min-width: 53rem) calc(6 * (100vw \/ 12)), 100vw\" data-url=\"https:\/\/www.777injury.com\/wp-content\/uploads\/2019\/01\/walter-benenati-av-rated-2019.png\" loading=\"lazy\" \/><\/div>\n\t\t<div class=\"indiv-award\"><img decoding=\"async\" width=\"236\" height=\"60\" src=\"\" class=\"attachment-full size-full\" alt=\"super lawyers\" data-url=\"https:\/\/www.777injury.com\/wp-content\/uploads\/2016\/04\/bene-award3.png\" loading=\"lazy\" sizes=\"auto, (max-width: 34.9rem) calc(100vw - 2rem), (max-width: 53rem) calc(8 * (100vw \/ 12)), (min-width: 53rem) calc(6 * (100vw \/ 12)), 100vw\" \/><\/div>\n\t\t<div class=\"indiv-award\"><img decoding=\"async\" width=\"187\" height=\"116\" src=\"\" class=\"attachment-full size-full\" alt=\"national advocates\" data-url=\"https:\/\/www.777injury.com\/wp-content\/uploads\/2016\/04\/bene-award4.png\" loading=\"lazy\" sizes=\"auto, (max-width: 34.9rem) calc(100vw - 2rem), (max-width: 53rem) calc(8 * (100vw \/ 12)), (min-width: 53rem) calc(6 * (100vw \/ 12)), 100vw\" \/><\/div>\n\t\t<div class=\"indiv-award\"><img decoding=\"async\" width=\"176\" height=\"150\" src=\"\" class=\"attachment-full size-full\" alt=\"legal elite\" data-url=\"https:\/\/www.777injury.com\/wp-content\/uploads\/2019\/06\/Florida-Legal-Elite-2019-Benenati-Yellow-2.png\" loading=\"lazy\" sizes=\"auto, (max-width: 34.9rem) calc(100vw - 2rem), (max-width: 53rem) calc(8 * (100vw \/ 12)), (min-width: 53rem) calc(6 * (100vw \/ 12)), 100vw\" \/><\/div>\n\t\t<div class=\"indiv-award\"><img decoding=\"async\" width=\"154\" height=\"144\" src=\"\" class=\"attachment-full size-full\" alt=\"top attorneys florida\" data-url=\"https:\/\/www.777injury.com\/wp-content\/uploads\/2016\/08\/award-12-with-shadow.png\" loading=\"lazy\" sizes=\"auto, (max-width: 34.9rem) calc(100vw - 2rem), (max-width: 53rem) calc(8 * (100vw \/ 12)), (min-width: 53rem) calc(6 * (100vw \/ 12)), 100vw\" \/><\/div>\n\t<\/div>\n<\/section>\n\n\n\n<section class=\"spanish-plain-section section-padding\">\n\t<div class=\"content-width\">\n\t\t\n<h1>Abogados De Accidentes De Carro En Orlando<\/h1>\n<p><em><strong>Accidentes de carros pueden causar graves lesiones y a veces devastadoras. &iquest;C&oacute;mo vas a pagar las facturas m&eacute;dicas mientras usted se recupera? P&oacute;ngase en contacto con los abogados de accidentes de carro en Orlando en el Bufete de Walter F. Benenati para discutir sus opciones.<\/strong><\/em><\/p>\n<h3>Ayudando a las v&iacute;ctimas de accidentes de autom&oacute;vil a recuperar sus p&eacute;rdidas<\/h3>\n<p>Cuando usted tiene un accidente de carro en Orlando, usted tiene muchas opciones para abogados de accidente de autom&oacute;vil. Permite que nuestros abogados de accidentes de veh&iacute;culos en Orlando le ofrezcan el servicio personal que carece las empresas mayores. Con enfoque y determinaci&oacute;n inquebrantable para conseguir lo que usted merece en su reclamaci&oacute;n de accidente de coche, vamos a trabajar duro para usted. Ll&aacute;menos ahora. 407-777-7777.<\/p>\n<p><em><strong>Entendemos las tensiones relacionadas con las secuelas de estos accidentes y le podemos ayudar a aliviar la presi&oacute;n a usted y a su familia, para que pueda concentrarse en su recuperaci&oacute;n.<\/strong><\/em><\/p>\n<h3>Entendiendo accidentes automovil&iacute;sticos<\/h3>\n<p>Hoy m&aacute;s que nunca, los norteamericanos est&aacute;n distra&iacute;dos, detr&aacute;s de la rueda. La gente est&aacute; conduciendo al usar tel&eacute;fonos celulares, mensajer&iacute;a de texto, poni&eacute;ndose maquillaje y comiendo y estas distracciones son causa de numerosos accidentes horribles. En 2006, un estudio realizado por la National Highway Traffic Safety Administration (NHTSA) atribuy&oacute; un descuido del conductor, dentro de los tres segundos que preceden a un accidente, como la causa del 80 por ciento de los accidentes automovil&iacute;sticos.<\/p>\n<p>Los accidentes de autom&oacute;vil causan un gran n&uacute;mero de lesiones y muertes en la Florida cada a&ntilde;o. Una grave lesi&oacute;n de colisi&oacute;n de autom&oacute;viles puede convertir su vida al rev&eacute;s. Tendr&aacute; que afrontar las facturas m&eacute;dicas, salarios perdidos, reparaci&oacute;n de autom&oacute;viles, y el dolor y el sufrimiento durante el proceso de tratamiento y rehabilitaci&oacute;n. Los efectos de una colisi&oacute;n de autom&oacute;viles pueden ser f&iacute;sica, financiera y emocionalmente devastadoras.<\/p>\n<h3>Lo que usted debe hacer<\/h3>\n<p>Muchas v&iacute;ctimas de accidentes requerir&aacute;n terapia continua y de atenci&oacute;n a largo plazo. Con lesiones graves, las v&iacute;ctimas pierden ingresos esenciales de faltar al trabajo y las responsabilidades familiares pueden ser subrayadas. Si usted o un ser querido ha sido involucrado en una colisi&oacute;n del veh&iacute;culo, usted necesita la representaci&oacute;n agresiva y la experiencia de los abogados de accidentes de carros en Orlando, FL en las oficinas de derecho de Walter F. Benenati.<\/p>\n<p>Despu&eacute;s de un accidente de carro, acabar&aacute; luchando contra las grandes compa&ntilde;&iacute;as de seguros que tienen un solo objetivo: pagar tan poco como sea posible. Estas reclamaciones por lesiones son vigorosamente defendidas por las compa&ntilde;&iacute;as de seguros. Las compa&ntilde;&iacute;as de seguros tienen interminables recursos, equipos de abogados y ajustadores, y a&ntilde;os de experiencia en el manejo de reclamaciones de accidente de auto. En nuestra experiencia, creemos que las compa&ntilde;&iacute;as de seguros no resuelven casos hasta que quede demostrado que usted tiene los recursos y el abogado que est&aacute; listo, dispuesto y capaz de hacer frente a ellos en la corte.<\/p>\n<p><em><strong>Si usted ha sido gravemente herido en un accidente de auto, usted necesita contratar a un experimentado abogado de accidente de carros. Casos de accidente de autom&oacute;vil puede ser complejo y requiere sofisticadas herramientas de investigaci&oacute;n, recolecci&oacute;n de pruebas t&eacute;cnicas, y caso de evaluaci&oacute;n.<\/strong><\/em><\/p>\n<h3>Lo que podemos hacer por usted<\/h3>\n<p>Para evaluar las p&eacute;rdidas de una v&iacute;ctima de accidente automovil&iacute;stico, las oficinas de derecho de Walter F. Benenati averiguar&aacute; las partes responsables, y revisara los da&ntilde;os los componentes, incluyendo los accidentes de motocicleta, accidentes de coche, accidentes&nbsp;&nbsp;de cami&oacute;n, , gastos m&eacute;dicos, p&eacute;rdida de salarios, ingresos futuros, en el futuro, la atenci&oacute;n m&eacute;dica, el dolor y el sufrimiento, la tristeza y el sufrimiento mental, la p&eacute;rdida de la calidad de vida y otras posibles reclamaciones por da&ntilde;os. En la Oficina de Leyes de Walter F. Benenati, nuestro equipo se encargar&aacute; de luchar por usted para obtener la compensaci&oacute;n financiera que usted se merece. Encuentre las respuestas a algunas preguntas frecuentes sobre accidentes de coche aqu&iacute;.<\/p>\n<p><em><strong>No se retrase. Llam&eacute; ahora a nuestros abogados de accidente de coche al 407-777-7777 para contarnos lo que sucedi&oacute; o env&iacute;enos un correo electr&oacute;nico hoy aqu&iacute;. Esperamos con inter&eacute;s escuchar de usted.<\/strong><\/em><\/p>\n\t<\/div>\n\t<a class=\"button\" href=\"tel:+14077777777\">Llama <br \/> 407-777-7777<\/a>\n<\/section>\n\n\n<!-- <section class=\"benenati-team-section lazyload\" data-bg-img=\"\"><\/section> -->\n\n\n<section class=\"cta-black-section\">\n\t<a href=\"tel:+14077777777\" class=\"flex click-to-call content-width\">\n\t\t<p>Llame al bufete de abogados Benenati hoy<\/p>\n\t\t<div><img decoding=\"async\" width=\"370\" height=\"87\" src=\"\" class=\"attachment-full size-full\" alt=\"call benenati number\" srcset=\"https:\/\/www.777injury.com\/wp-content\/uploads\/2020\/09\/new-777-number.png 370w, https:\/\/www.777injury.com\/wp-content\/uploads\/2020\/09\/new-777-number-300x71.png 300w\" sizes=\"auto, (max-width: 34.9rem) calc(100vw - 2rem), (max-width: 53rem) calc(8 * (100vw \/ 12)), (min-width: 53rem) calc(6 * (100vw \/ 12)), 100vw\" data-url=\"https:\/\/www.777injury.com\/wp-content\/uploads\/2020\/09\/new-777-number.png\" loading=\"lazy\" \/><\/div>\n\t<\/a>\n<\/section>\n\n\n\n\n<section class=\"awards-section section-padding\">\n\t<div class=\"content-width\">\n\t\t<h2>Tenemos los Premios<\/h2>\n\t\t<p>El bufete de abogados de Benenati ha recibido numerosos premios y reconocimientos a lo largo de los a\u00f1os por nuestros servicios jur\u00eddicos. Estos incluyen, pero no se limitan a, el reconocimiento de Avvo, Super Lawyers, Florida Legal Elite, y los abogados nacionales de alto nivel.<\/p>\n\t\t<div class=\"flex award-badges\">\n\t\t\t<div class=\"indiv-award\"><img decoding=\"async\" width=\"194\" height=\"89\" src=\"\" class=\"attachment-full size-full\" alt=\"avvo badge\" data-url=\"https:\/\/www.777injury.com\/wp-content\/uploads\/2016\/04\/bene-avvo-mobile.png\" loading=\"lazy\" sizes=\"auto, (max-width: 34.9rem) calc(100vw - 2rem), (max-width: 53rem) calc(8 * (100vw \/ 12)), (min-width: 53rem) calc(6 * (100vw \/ 12)), 100vw\" \/><\/div>\n\t\t\t<div class=\"indiv-award\"><img decoding=\"async\" width=\"117\" height=\"117\" src=\"\" class=\"attachment-full size-full\" alt=\"Walter Benenati - Distinguished Justice Advocates Top %1 Attorneys In America\/USA - Personal Injury Attorney In Orlando, Florida\" srcset=\"https:\/\/www.777injury.com\/wp-content\/uploads\/2016\/04\/award-2.png 117w, https:\/\/www.777injury.com\/wp-content\/uploads\/2016\/04\/award-2-50x50.png 50w, https:\/\/www.777injury.com\/wp-content\/uploads\/2016\/04\/award-2-100x100.png 100w\" sizes=\"auto, (max-width: 34.9rem) calc(100vw - 2rem), (max-width: 53rem) calc(8 * (100vw \/ 12)), (min-width: 53rem) calc(6 * (100vw \/ 12)), 100vw\" data-url=\"https:\/\/www.777injury.com\/wp-content\/uploads\/2016\/04\/award-2.png\" loading=\"lazy\" \/><\/div>\n\t\t\t<div class=\"indiv-award\"><img decoding=\"async\" width=\"196\" height=\"165\" src=\"\" class=\"attachment-full size-full\" alt=\"\" data-url=\"https:\/\/www.777injury.com\/wp-content\/uploads\/2019\/01\/superlawyers-yellow.png\" loading=\"lazy\" sizes=\"auto, (max-width: 34.9rem) calc(100vw - 2rem), (max-width: 53rem) calc(8 * (100vw \/ 12)), (min-width: 53rem) calc(6 * (100vw \/ 12)), 100vw\" \/><\/div>\n\t\t\t<div class=\"indiv-award\"><img decoding=\"async\" width=\"131\" height=\"115\" src=\"\" class=\"attachment-full size-full\" alt=\"avvo superb rating badge\" data-url=\"https:\/\/www.777injury.com\/wp-content\/uploads\/2016\/04\/award-4.png\" loading=\"lazy\" sizes=\"auto, (max-width: 34.9rem) calc(100vw - 2rem), (max-width: 53rem) calc(8 * (100vw \/ 12)), (min-width: 53rem) calc(6 * (100vw \/ 12)), 100vw\" \/><\/div>\n\t\t\t<div class=\"indiv-award\"><img decoding=\"async\" width=\"154\" height=\"144\" src=\"\" class=\"attachment-full size-full\" alt=\"top florida lawyers\" data-url=\"https:\/\/www.777injury.com\/wp-content\/uploads\/2016\/04\/award-5.png\" loading=\"lazy\" sizes=\"auto, (max-width: 34.9rem) calc(100vw - 2rem), (max-width: 53rem) calc(8 * (100vw \/ 12)), (min-width: 53rem) calc(6 * (100vw \/ 12)), 100vw\" \/><\/div>\n\t\t\t<div class=\"indiv-award\"><img decoding=\"async\" width=\"252\" height=\"85\" src=\"\" class=\"attachment-full size-full\" alt=\"Flordia legal elite\" data-url=\"https:\/\/www.777injury.com\/wp-content\/uploads\/2019\/08\/award-9-no-shadow-2019.png\" loading=\"lazy\" sizes=\"auto, (max-width: 34.9rem) calc(100vw - 2rem), (max-width: 53rem) calc(8 * (100vw \/ 12)), (min-width: 53rem) calc(6 * (100vw \/ 12)), 100vw\" \/><\/div>\n\t\t\t<div class=\"indiv-award\"><img decoding=\"async\" width=\"154\" height=\"144\" src=\"\" class=\"attachment-full size-full\" alt=\"top florida rising stars\" data-url=\"https:\/\/www.777injury.com\/wp-content\/uploads\/2016\/08\/award-12-no-shadow.png\" loading=\"lazy\" sizes=\"auto, (max-width: 34.9rem) calc(100vw - 2rem), (max-width: 53rem) calc(8 * (100vw \/ 12)), (min-width: 53rem) calc(6 * (100vw \/ 12)), 100vw\" \/><\/div>\n\t\t\t<div class=\"indiv-award\"><img decoding=\"async\" width=\"157\" height=\"96\" src=\"\" class=\"attachment-full size-full\" alt=\"national advocates\" data-url=\"https:\/\/www.777injury.com\/wp-content\/uploads\/2016\/04\/award-8.png\" loading=\"lazy\" sizes=\"auto, (max-width: 34.9rem) calc(100vw - 2rem), (max-width: 53rem) calc(8 * (100vw \/ 12)), (min-width: 53rem) calc(6 * (100vw \/ 12)), 100vw\" \/><\/div>\n\t\t\t<div class=\"indiv-award\"><img decoding=\"async\" width=\"300\" height=\"88\" src=\"\" class=\"attachment-full size-full\" alt=\"preeminent\" data-url=\"https:\/\/www.777injury.com\/wp-content\/uploads\/2019\/01\/Walter_F_Benenati_PR_AV_300-2019.png\" loading=\"lazy\" sizes=\"auto, (max-width: 34.9rem) calc(100vw - 2rem), (max-width: 53rem) calc(8 * (100vw \/ 12)), (min-width: 53rem) calc(6 * (100vw \/ 12)), 100vw\" \/><\/div>\n\t\t\t<div class=\"indiv-award\"><img decoding=\"async\" width=\"300\" height=\"66\" src=\"\" class=\"attachment-full size-full\" alt=\"platinum client champion\" data-url=\"https:\/\/www.777injury.com\/wp-content\/uploads\/2018\/04\/Walter_F_Benenati_CR_Platinum_300-colored.png\" loading=\"lazy\" sizes=\"auto, (max-width: 34.9rem) calc(100vw - 2rem), (max-width: 53rem) calc(8 * (100vw \/ 12)), (min-width: 53rem) calc(6 * (100vw \/ 12)), 100vw\" \/><\/div>\n\t\t<\/div>\n\t<\/div>\n\t<\/section>\n\n\n\n\n<section class=\"contact-form-section section-padding lazyload\" data-bg-img=\"https:\/\/www.777injury.com\/wp-content\/uploads\/2016\/08\/consultation-bg.jpg\" id=\"get-help\">\n\t<div class=\"content-width\">\n\t\t<h2>Consulta Inicial Gratuita<\/h2>\n\t\t<p>Si usted ha sufrido una lesi\u00f3n grave debido a la negligencia de otro, o se est\u00e1 asfixiando bajo monta\u00f1as de deudas, una consulta con el bufete de abogados de Benenati puede resultar extremadamente ventajosa. Le animamos a que llame a nuestras oficinas hoy al 407-777-7777, o llene nuestro formulario en l\u00ednea para solicitar su consulta de caso gratis, sin compromiso y completamente confidencial. Si usted es incapaz de viajar a nuestra ubicaci\u00f3n durante nuestras horas de oficina, ofrecemos despu\u00e9s de horas y visitas a domicilio para su conveniencia, tambi\u00e9n.\n<\/p>\n\n\t\t<iframe class=\"resizable\" title=\"Contact Form\" data-url=\"\/ajax-form-1\/\" aria-label=\"Contact Form\" frameborder=\"0\" width=\"600\" height=\"100\"><\/iframe>\n\t<\/div>\n<\/section>\n\n\n\n","protected":false},"excerpt":{"rendered":"","protected":false},"author":1,"featured_media":0,"parent":960,"menu_order":0,"comment_status":"closed","ping_status":"closed","template":"","meta":{"footnotes":""},"class_list":["post-1372","page","type-page","status-publish","hentry","entry"],"yoast_head":"<!-- This site is optimized with the Yoast SEO plugin v27.6 - https:\/\/yoast.com\/product\/yoast-seo-wordpress\/ -->\n<title>Abogados De Accidentes De Carro En Orlando | Benenati<\/title>\n<meta name=\"description\" content=\"Nuestros abogados de accidentes automovil\u00edsticos en Orlando pueden ayudarlo a obtener la compensaci\u00f3n que merece por sus lesiones. Marque (407) 777-7777.\" \/>\n<meta name=\"robots\" content=\"index, follow, max-snippet:-1, max-image-preview:large, max-video-preview:-1\" \/>\n<link rel=\"canonical\" href=\"https:\/\/www.777injury.com\/es\/lesion-personal-en-orlando\/abogados-de-accidentes-de-carro-en-orlando\/\" \/>\n<meta property=\"og:locale\" content=\"es_ES\" \/>\n<meta property=\"og:type\" content=\"article\" \/>\n<meta property=\"og:title\" content=\"Abogados De Accidentes De Carro En Orlando | Benenati\" \/>\n<meta property=\"og:description\" content=\"Nuestros abogados de accidentes automovil\u00edsticos en Orlando pueden ayudarlo a obtener la compensaci\u00f3n que merece por sus lesiones. Marque (407) 777-7777.\" \/>\n<meta property=\"og:url\" content=\"https:\/\/www.777injury.com\/es\/lesion-personal-en-orlando\/abogados-de-accidentes-de-carro-en-orlando\/\" \/>\n<meta property=\"og:site_name\" content=\"Benenati Law Firm\" \/>\n<meta property=\"article:modified_time\" content=\"2020-04-15T15:44:02+00:00\" \/>\n<meta name=\"twitter:card\" content=\"summary_large_image\" \/>\n<meta name=\"twitter:label1\" content=\"Tiempo de lectura\" \/>\n\t<meta name=\"twitter:data1\" content=\"4 minutos\" \/>\n<script type=\"application\/ld+json\" class=\"yoast-schema-graph\">{\"@context\":\"https:\\\/\\\/schema.org\",\"@graph\":[{\"@type\":\"WebPage\",\"@id\":\"https:\\\/\\\/www.777injury.com\\\/es\\\/lesion-personal-en-orlando\\\/abogados-de-accidentes-de-carro-en-orlando\\\/\",\"url\":\"https:\\\/\\\/www.777injury.com\\\/es\\\/lesion-personal-en-orlando\\\/abogados-de-accidentes-de-carro-en-orlando\\\/\",\"name\":\"Abogados De Accidentes De Carro En Orlando | Benenati\",\"isPartOf\":{\"@id\":\"https:\\\/\\\/www.777injury.com\\\/#website\"},\"datePublished\":\"2018-01-16T00:00:22+00:00\",\"dateModified\":\"2020-04-15T15:44:02+00:00\",\"description\":\"Nuestros abogados de accidentes automovil\u00edsticos en Orlando pueden ayudarlo a obtener la compensaci\u00f3n que merece por sus lesiones. Marque (407) 777-7777.\",\"breadcrumb\":{\"@id\":\"https:\\\/\\\/www.777injury.com\\\/es\\\/lesion-personal-en-orlando\\\/abogados-de-accidentes-de-carro-en-orlando\\\/#breadcrumb\"},\"inLanguage\":\"es\",\"potentialAction\":[{\"@type\":\"ReadAction\",\"target\":[\"https:\\\/\\\/www.777injury.com\\\/es\\\/lesion-personal-en-orlando\\\/abogados-de-accidentes-de-carro-en-orlando\\\/\"]}]},{\"@type\":\"BreadcrumbList\",\"@id\":\"https:\\\/\\\/www.777injury.com\\\/es\\\/lesion-personal-en-orlando\\\/abogados-de-accidentes-de-carro-en-orlando\\\/#breadcrumb\",\"itemListElement\":[{\"@type\":\"ListItem\",\"position\":1,\"name\":\"Home\",\"item\":\"https:\\\/\\\/www.777injury.com\\\/es\\\/\"},{\"@type\":\"ListItem\",\"position\":2,\"name\":\"Lesi\u00f3n Personal en Orlando\",\"item\":\"https:\\\/\\\/www.777injury.com\\\/es\\\/lesion-personal-en-orlando\\\/\"},{\"@type\":\"ListItem\",\"position\":3,\"name\":\"Abogados De Accidentes De Carro En Orlando\"}]},{\"@type\":\"WebSite\",\"@id\":\"https:\\\/\\\/www.777injury.com\\\/#website\",\"url\":\"https:\\\/\\\/www.777injury.com\\\/\",\"name\":\"Benenati Law Firm\",\"description\":\"\",\"publisher\":{\"@id\":\"https:\\\/\\\/www.777injury.com\\\/#organization\"},\"potentialAction\":[{\"@type\":\"SearchAction\",\"target\":{\"@type\":\"EntryPoint\",\"urlTemplate\":\"https:\\\/\\\/www.777injury.com\\\/?s={search_term_string}\"},\"query-input\":{\"@type\":\"PropertyValueSpecification\",\"valueRequired\":true,\"valueName\":\"search_term_string\"}}],\"inLanguage\":\"es\"},{\"@type\":\"Organization\",\"@id\":\"https:\\\/\\\/www.777injury.com\\\/#organization\",\"name\":\"Benenati Law Firm\",\"url\":\"https:\\\/\\\/www.777injury.com\\\/\",\"logo\":{\"@type\":\"ImageObject\",\"inLanguage\":\"es\",\"@id\":\"https:\\\/\\\/www.777injury.com\\\/#\\\/schema\\\/logo\\\/image\\\/\",\"url\":\"https:\\\/\\\/www.777injury.com\\\/wp-content\\\/uploads\\\/2023\\\/03\\\/cropped-Dial_7_if_you_need_a_lawyer-removebg-preview.png\",\"contentUrl\":\"https:\\\/\\\/www.777injury.com\\\/wp-content\\\/uploads\\\/2023\\\/03\\\/cropped-Dial_7_if_you_need_a_lawyer-removebg-preview.png\",\"width\":190,\"height\":190,\"caption\":\"Benenati Law Firm\"},\"image\":{\"@id\":\"https:\\\/\\\/www.777injury.com\\\/#\\\/schema\\\/logo\\\/image\\\/\"}}]}<\/script>\n<!-- \/ Yoast SEO plugin. -->","yoast_head_json":{"title":"Abogados De Accidentes De Carro En Orlando | Benenati","description":"Nuestros abogados de accidentes automovil\u00edsticos en Orlando pueden ayudarlo a obtener la compensaci\u00f3n que merece por sus lesiones. Marque (407) 777-7777.","robots":{"index":"index","follow":"follow","max-snippet":"max-snippet:-1","max-image-preview":"max-image-preview:large","max-video-preview":"max-video-preview:-1"},"canonical":"https:\/\/www.777injury.com\/es\/lesion-personal-en-orlando\/abogados-de-accidentes-de-carro-en-orlando\/","og_locale":"es_ES","og_type":"article","og_title":"Abogados De Accidentes De Carro En Orlando | Benenati","og_description":"Nuestros abogados de accidentes automovil\u00edsticos en Orlando pueden ayudarlo a obtener la compensaci\u00f3n que merece por sus lesiones. Marque (407) 777-7777.","og_url":"https:\/\/www.777injury.com\/es\/lesion-personal-en-orlando\/abogados-de-accidentes-de-carro-en-orlando\/","og_site_name":"Benenati Law Firm","article_modified_time":"2020-04-15T15:44:02+00:00","twitter_card":"summary_large_image","twitter_misc":{"Tiempo de lectura":"4 minutos"},"schema":{"@context":"https:\/\/schema.org","@graph":[{"@type":"WebPage","@id":"https:\/\/www.777injury.com\/es\/lesion-personal-en-orlando\/abogados-de-accidentes-de-carro-en-orlando\/","url":"https:\/\/www.777injury.com\/es\/lesion-personal-en-orlando\/abogados-de-accidentes-de-carro-en-orlando\/","name":"Abogados De Accidentes De Carro En Orlando | Benenati","isPartOf":{"@id":"https:\/\/www.777injury.com\/#website"},"datePublished":"2018-01-16T00:00:22+00:00","dateModified":"2020-04-15T15:44:02+00:00","description":"Nuestros abogados de accidentes automovil\u00edsticos en Orlando pueden ayudarlo a obtener la compensaci\u00f3n que merece por sus lesiones. Marque (407) 777-7777.","breadcrumb":{"@id":"https:\/\/www.777injury.com\/es\/lesion-personal-en-orlando\/abogados-de-accidentes-de-carro-en-orlando\/#breadcrumb"},"inLanguage":"es","potentialAction":[{"@type":"ReadAction","target":["https:\/\/www.777injury.com\/es\/lesion-personal-en-orlando\/abogados-de-accidentes-de-carro-en-orlando\/"]}]},{"@type":"BreadcrumbList","@id":"https:\/\/www.777injury.com\/es\/lesion-personal-en-orlando\/abogados-de-accidentes-de-carro-en-orlando\/#breadcrumb","itemListElement":[{"@type":"ListItem","position":1,"name":"Home","item":"https:\/\/www.777injury.com\/es\/"},{"@type":"ListItem","position":2,"name":"Lesi\u00f3n Personal en Orlando","item":"https:\/\/www.777injury.com\/es\/lesion-personal-en-orlando\/"},{"@type":"ListItem","position":3,"name":"Abogados De Accidentes De Carro En Orlando"}]},{"@type":"WebSite","@id":"https:\/\/www.777injury.com\/#website","url":"https:\/\/www.777injury.com\/","name":"Benenati Law Firm","description":"","publisher":{"@id":"https:\/\/www.777injury.com\/#organization"},"potentialAction":[{"@type":"SearchAction","target":{"@type":"EntryPoint","urlTemplate":"https:\/\/www.777injury.com\/?s={search_term_string}"},"query-input":{"@type":"PropertyValueSpecification","valueRequired":true,"valueName":"search_term_string"}}],"inLanguage":"es"},{"@type":"Organization","@id":"https:\/\/www.777injury.com\/#organization","name":"Benenati Law Firm","url":"https:\/\/www.777injury.com\/","logo":{"@type":"ImageObject","inLanguage":"es","@id":"https:\/\/www.777injury.com\/#\/schema\/logo\/image\/","url":"https:\/\/www.777injury.com\/wp-content\/uploads\/2023\/03\/cropped-Dial_7_if_you_need_a_lawyer-removebg-preview.png","contentUrl":"https:\/\/www.777injury.com\/wp-content\/uploads\/2023\/03\/cropped-Dial_7_if_you_need_a_lawyer-removebg-preview.png","width":190,"height":190,"caption":"Benenati Law Firm"},"image":{"@id":"https:\/\/www.777injury.com\/#\/schema\/logo\/image\/"}}]}},"_links":{"self":[{"href":"https:\/\/www.777injury.com\/es\/wp-json\/wp\/v2\/pages\/1372","targetHints":{"allow":["GET"]}}],"collection":[{"href":"https:\/\/www.777injury.com\/es\/wp-json\/wp\/v2\/pages"}],"about":[{"href":"https:\/\/www.777injury.com\/es\/wp-json\/wp\/v2\/types\/page"}],"author":[{"embeddable":true,"href":"https:\/\/www.777injury.com\/es\/wp-json\/wp\/v2\/users\/1"}],"replies":[{"embeddable":true,"href":"https:\/\/www.777injury.com\/es\/wp-json\/wp\/v2\/comments?post=1372"}],"version-history":[{"count":0,"href":"https:\/\/www.777injury.com\/es\/wp-json\/wp\/v2\/pages\/1372\/revisions"}],"up":[{"embeddable":true,"href":"https:\/\/www.777injury.com\/es\/wp-json\/wp\/v2\/pages\/960"}],"wp:attachment":[{"href":"https:\/\/www.777injury.com\/es\/wp-json\/wp\/v2\/media?parent=1372"}],"curies":[{"name":"wp","href":"https:\/\/api.w.org\/{rel}","templated":true}]}}