
{"id":1363,"date":"2018-01-15T23:43:23","date_gmt":"2018-01-15T23:43:23","guid":{"rendered":"https:\/\/www.777injury.com\/personal-injury-spanish\/orlando-wrongful-death-attorneys-spanish\/"},"modified":"2020-03-10T17:25:54","modified_gmt":"2020-03-10T17:25:54","slug":"abogados-de-orlando-de-muertes-injustas","status":"publish","type":"page","link":"https:\/\/www.777injury.com\/es\/lesion-personal-en-orlando\/abogados-de-orlando-de-muertes-injustas\/","title":{"rendered":"Abogados de Orlando de Muertes Injustas"},"content":{"rendered":"\n<section class=\"pa-main-banner flex\" style=\"background-image: url('https:\/\/www.777injury.com\/wp-content\/uploads\/2019\/01\/homepage-03-1.jpg');\">\n\t<div class=\"flex awards\">\n\t\t<div class=\"indiv-award\"><img decoding=\"async\" width=\"257\" height=\"231\" src=\"\" class=\"attachment-full size-full\" alt=\"avvo 10 superb rating\" data-url=\"https:\/\/www.777injury.com\/wp-content\/uploads\/2016\/08\/benenati-avvo1.png\" loading=\"lazy\" sizes=\"auto, (max-width: 34.9rem) calc(100vw - 2rem), (max-width: 53rem) calc(8 * (100vw \/ 12)), (min-width: 53rem) calc(6 * (100vw \/ 12)), 100vw\" \/><\/div>\n\t\t<div class=\"indiv-award\"><img decoding=\"async\" width=\"307\" height=\"90\" src=\"\" class=\"attachment-full size-full\" alt=\"av preeminent\" srcset=\"https:\/\/www.777injury.com\/wp-content\/uploads\/2019\/01\/walter-benenati-av-rated-2019.png 307w, https:\/\/www.777injury.com\/wp-content\/uploads\/2019\/01\/walter-benenati-av-rated-2019-300x88.png 300w\" sizes=\"auto, (max-width: 34.9rem) calc(100vw - 2rem), (max-width: 53rem) calc(8 * (100vw \/ 12)), (min-width: 53rem) calc(6 * (100vw \/ 12)), 100vw\" data-url=\"https:\/\/www.777injury.com\/wp-content\/uploads\/2019\/01\/walter-benenati-av-rated-2019.png\" loading=\"lazy\" \/><\/div>\n\t\t<div class=\"indiv-award\"><img decoding=\"async\" width=\"236\" height=\"60\" src=\"\" class=\"attachment-full size-full\" alt=\"super lawyers\" data-url=\"https:\/\/www.777injury.com\/wp-content\/uploads\/2016\/04\/bene-award3.png\" loading=\"lazy\" sizes=\"auto, (max-width: 34.9rem) calc(100vw - 2rem), (max-width: 53rem) calc(8 * (100vw \/ 12)), (min-width: 53rem) calc(6 * (100vw \/ 12)), 100vw\" \/><\/div>\n\t\t<div class=\"indiv-award\"><img decoding=\"async\" width=\"187\" height=\"116\" src=\"\" class=\"attachment-full size-full\" alt=\"national advocates\" data-url=\"https:\/\/www.777injury.com\/wp-content\/uploads\/2016\/04\/bene-award4.png\" loading=\"lazy\" sizes=\"auto, (max-width: 34.9rem) calc(100vw - 2rem), (max-width: 53rem) calc(8 * (100vw \/ 12)), (min-width: 53rem) calc(6 * (100vw \/ 12)), 100vw\" \/><\/div>\n\t\t<div class=\"indiv-award\"><img decoding=\"async\" width=\"176\" height=\"150\" src=\"\" class=\"attachment-full size-full\" alt=\"legal elite\" data-url=\"https:\/\/www.777injury.com\/wp-content\/uploads\/2019\/06\/Florida-Legal-Elite-2019-Benenati-Yellow-2.png\" loading=\"lazy\" sizes=\"auto, (max-width: 34.9rem) calc(100vw - 2rem), (max-width: 53rem) calc(8 * (100vw \/ 12)), (min-width: 53rem) calc(6 * (100vw \/ 12)), 100vw\" \/><\/div>\n\t\t<div class=\"indiv-award\"><img decoding=\"async\" width=\"154\" height=\"144\" src=\"\" class=\"attachment-full size-full\" alt=\"top attorneys florida\" data-url=\"https:\/\/www.777injury.com\/wp-content\/uploads\/2016\/08\/award-12-with-shadow.png\" loading=\"lazy\" sizes=\"auto, (max-width: 34.9rem) calc(100vw - 2rem), (max-width: 53rem) calc(8 * (100vw \/ 12)), (min-width: 53rem) calc(6 * (100vw \/ 12)), 100vw\" \/><\/div>\n\t<\/div>\n<\/section>\n\n\n\n<section class=\"spanish-plain-section section-padding\">\n\t<div class=\"content-width\">\n\t\t\n<h1>Abogados de Orlando de Muertes Injustas<\/h1>\n<p><em><strong>La vida cambia en un instante, como padres, esposas, esposos y ni&ntilde;os intentan sobrellevar el dolor f&iacute;sico, la angustia mental, y el dolor causado por una muerte injusta y posteriormente las preocupaciones sobre las facturas m&eacute;dicas, facturas, funerales y otras obligaciones financieras.<\/strong><\/em><\/p>\n<h3>Presentando reclamaciones de muerte causada por la negligencia de otros<\/h3>\n<p>En nuestras oficinas legales de lesiones personales en Orlando, Kissimmee, y Clermont, nuestros abogados de lesiones personales van a dedicar todos sus recursos a su caso. Es importante que usted se ponga en contacto con nosotros inmediatamente y nos reuniremos con usted en su residencia para su conveniencia.<\/p>\n<p>Llame a nuestras oficinas al 407-777-7777 para programar una consulta gratuita en el mismo d&iacute;a para discutir su caso.<\/p>\n<h3>Acto il&iacute;cito de muerte en Florida<\/h3>\n<p>El acto il&iacute;cito de muerte de la Florida figura en las secciones 768.16 &ndash; 768.26, Estatutos de la Florida.<\/p>\n<p>Las leyes de la Florida, y en todos los estados regulan el marco de tiempo en el cual una demanda de il&iacute;cito de muerte puede ser presentada. En Florida, la prescripci&oacute;n de la acci&oacute;n de un il&iacute;cito de muerte es de dos a&ntilde;os, sin embargo, puede cambiar en funci&oacute;n de determinadas circunstancias. Cualquier persona con un caso potencial deber&iacute;a consultar con abogados experimentados con muertes injustas para determinar qu&eacute; ley o leyes aplican a ellos.<\/p>\n<p>Muerte injusta generalmente significa una demanda presentada cuando la conducta il&iacute;cita de una persona o entidad resulta en la muerte de otra persona. Como lesiones personales esta &aacute;rea de agravio pueden implicar a cada &aacute;rea de responsabilidad extracontractual &ndash; desde la premisa de la responsabilidad o accidentes automovil&iacute;sticos con productos peligrosos en el mercado.<\/p>\n<h3>Las causas m&aacute;s comunes de reclamaciones de muerte il&iacute;cita&nbsp;incluyen:<\/h3>\n<ul>\n<li>Negligencia m&eacute;dica<\/li>\n<li>Accidentes de autom&oacute;viles<\/li>\n<li>Lesiones relacionadas con el trabajo<\/li>\n<li>Accidentes mar&iacute;timos<\/li>\n<li>Accidentes Offshore<\/li>\n<li>Ataques criminales<\/li>\n<li>Accidentes de avi&oacute;n o tren<\/li>\n<li>Abuso de Hogar de Ancianos<\/li>\n<li>Productos Defectuosos<\/li>\n<li>Accidentes de Construcci&oacute;n<\/li>\n<li>Accidentes de Motocicleta<\/li>\n<li>Accidentes de Camiones<\/li>\n<\/ul>\n<h3>Lo Que Usted Puede Hacer<\/h3>\n<p>La muerte de un miembro de la familia es especialmente molesta cuando es causada por el comportamiento negligente de otro individuo. Para muchas personas que est&aacute;n de luto por la muerte de un ser querido, la idea de tomar acci&oacute;n legal est&aacute; lejos de su mente. Sin embargo, el inesperado fallecimiento de un ser querido puede a menudo dejan a las familias con muchos gastos como facturas hospitalarias, funeral y gastos de sepelio. Usted podr&aacute; recibir indemnizaci&oacute;n por estos gastos junto con otros da&ntilde;os, incluida la remuneraci&oacute;n de los salarios perdidos y la angustia emocional.<\/p>\n<p>Si usted ha sido afectado por la muerte de un miembro de la familia, no descuide sus derechos legales. El primer paso debe ser consultar con un abogado experimentado de muerte injusta. Uno de nuestros abogados il&iacute;cito de muerte ayudar&aacute; a determinar, en primer lugar, qui&eacute;n es el representante personal autorizado a presentar una demanda en nombre de la herencia de una persona fallecida en contra de las personas o entidades responsables de la muerte de la v&iacute;ctima.<\/p>\n<p><strong>Si usted ha perdido a un padre, c&oacute;nyuge o hijo en un accidente o por acto il&iacute;cito, puede presentar un reclamo de muerte il&iacute;cito contra la(s) persona(s) responsable.<\/strong><\/p>\n<p>El dolor y el sufrimiento causados por una muerte injusta son a menudo insoportable y puede tomar varios a&ntilde;os para una familia a recuperarse de la tragedia. Entendemos que cuando un ser querido muere, un reclamo de muerte il&iacute;cito es frecuentemente lo &uacute;ltimo en la mente de cualquiera. No es sino hasta mucho despu&eacute;s de que los miembros de la familia tienen el tiempo y la capacidad de considerar la posibilidad de un reclamo de muerte il&iacute;cito. Como resultado, en algunos casos, la investigaci&oacute;n no empieza hasta meses o a&ntilde;os m&aacute;s tarde. Resultando un reclamo de muerte il&iacute;cito a menudo requiere la reconstrucci&oacute;n de los hechos, el uso de testigos expertos altamente calificados, t&eacute;cnicas de investigaci&oacute;n fuerte, y tener la habilidad y experiencia necesarias para defender a los acusados. Usted debe consultar con un abogado experimentado de muerte il&iacute;cita inmediatamente.<\/p>\n<p>Encuentre las respuestas a algunas preguntas frecuentes sobre el il&iacute;cito de muerte aqu&iacute;.<\/p>\n<p><strong><em>No se retrase. Ll&aacute;menos al 407-777-7777 para contarnos lo que sucedi&oacute; o env&iacute;enos un correo electr&oacute;nico hoy aqu&iacute;. Esperamos con inter&eacute;s escuchar de usted.<\/em><\/strong><\/p>\n\t<\/div>\n\t<a class=\"button\" href=\"tel:+14077777777\">Llama <br \/> 407-777-7777<\/a>\n<\/section>\n\n\n<!-- <section class=\"benenati-team-section lazyload\" data-bg-img=\"\"><\/section> -->\n\n\n<section class=\"cta-black-section\">\n\t<a href=\"tel:+14077777777\" class=\"flex click-to-call content-width\">\n\t\t<p>Llame al bufete de abogados Benenati hoy<\/p>\n\t\t<div><img decoding=\"async\" width=\"370\" height=\"87\" src=\"\" class=\"attachment-full size-full\" alt=\"call benenati number\" srcset=\"https:\/\/www.777injury.com\/wp-content\/uploads\/2020\/09\/new-777-number.png 370w, https:\/\/www.777injury.com\/wp-content\/uploads\/2020\/09\/new-777-number-300x71.png 300w\" sizes=\"auto, (max-width: 34.9rem) calc(100vw - 2rem), (max-width: 53rem) calc(8 * (100vw \/ 12)), (min-width: 53rem) calc(6 * (100vw \/ 12)), 100vw\" data-url=\"https:\/\/www.777injury.com\/wp-content\/uploads\/2020\/09\/new-777-number.png\" loading=\"lazy\" \/><\/div>\n\t<\/a>\n<\/section>\n\n\n\n\n<section class=\"awards-section section-padding\">\n\t<div class=\"content-width\">\n\t\t<h2>Tenemos los Premios<\/h2>\n\t\t<p>El bufete de abogados de Benenati ha recibido numerosos premios y reconocimientos a lo largo de los a\u00f1os por nuestros servicios jur\u00eddicos. Estos incluyen, pero no se limitan a, el reconocimiento de Avvo, Super Lawyers, Florida Legal Elite, y los abogados nacionales de alto nivel.<\/p>\n\t\t<div class=\"flex award-badges\">\n\t\t\t<div class=\"indiv-award\"><img decoding=\"async\" width=\"194\" height=\"89\" src=\"\" class=\"attachment-full size-full\" alt=\"avvo badge\" data-url=\"https:\/\/www.777injury.com\/wp-content\/uploads\/2016\/04\/bene-avvo-mobile.png\" loading=\"lazy\" sizes=\"auto, (max-width: 34.9rem) calc(100vw - 2rem), (max-width: 53rem) calc(8 * (100vw \/ 12)), (min-width: 53rem) calc(6 * (100vw \/ 12)), 100vw\" \/><\/div>\n\t\t\t<div class=\"indiv-award\"><img decoding=\"async\" width=\"117\" height=\"117\" src=\"\" class=\"attachment-full size-full\" alt=\"Walter Benenati - Distinguished Justice Advocates Top %1 Attorneys In America\/USA - Personal Injury Attorney In Orlando, Florida\" srcset=\"https:\/\/www.777injury.com\/wp-content\/uploads\/2016\/04\/award-2.png 117w, https:\/\/www.777injury.com\/wp-content\/uploads\/2016\/04\/award-2-50x50.png 50w, https:\/\/www.777injury.com\/wp-content\/uploads\/2016\/04\/award-2-100x100.png 100w\" sizes=\"auto, (max-width: 34.9rem) calc(100vw - 2rem), (max-width: 53rem) calc(8 * (100vw \/ 12)), (min-width: 53rem) calc(6 * (100vw \/ 12)), 100vw\" data-url=\"https:\/\/www.777injury.com\/wp-content\/uploads\/2016\/04\/award-2.png\" loading=\"lazy\" \/><\/div>\n\t\t\t<div class=\"indiv-award\"><img decoding=\"async\" width=\"196\" height=\"165\" src=\"\" class=\"attachment-full size-full\" alt=\"\" data-url=\"https:\/\/www.777injury.com\/wp-content\/uploads\/2019\/01\/superlawyers-yellow.png\" loading=\"lazy\" sizes=\"auto, (max-width: 34.9rem) calc(100vw - 2rem), (max-width: 53rem) calc(8 * (100vw \/ 12)), (min-width: 53rem) calc(6 * (100vw \/ 12)), 100vw\" \/><\/div>\n\t\t\t<div class=\"indiv-award\"><img decoding=\"async\" width=\"131\" height=\"115\" src=\"\" class=\"attachment-full size-full\" alt=\"avvo superb rating badge\" data-url=\"https:\/\/www.777injury.com\/wp-content\/uploads\/2016\/04\/award-4.png\" loading=\"lazy\" sizes=\"auto, (max-width: 34.9rem) calc(100vw - 2rem), (max-width: 53rem) calc(8 * (100vw \/ 12)), (min-width: 53rem) calc(6 * (100vw \/ 12)), 100vw\" \/><\/div>\n\t\t\t<div class=\"indiv-award\"><img decoding=\"async\" width=\"154\" height=\"144\" src=\"\" class=\"attachment-full size-full\" alt=\"top florida lawyers\" data-url=\"https:\/\/www.777injury.com\/wp-content\/uploads\/2016\/04\/award-5.png\" loading=\"lazy\" sizes=\"auto, (max-width: 34.9rem) calc(100vw - 2rem), (max-width: 53rem) calc(8 * (100vw \/ 12)), (min-width: 53rem) calc(6 * (100vw \/ 12)), 100vw\" \/><\/div>\n\t\t\t<div class=\"indiv-award\"><img decoding=\"async\" width=\"252\" height=\"85\" src=\"\" class=\"attachment-full size-full\" alt=\"Flordia legal elite\" data-url=\"https:\/\/www.777injury.com\/wp-content\/uploads\/2019\/08\/award-9-no-shadow-2019.png\" loading=\"lazy\" sizes=\"auto, (max-width: 34.9rem) calc(100vw - 2rem), (max-width: 53rem) calc(8 * (100vw \/ 12)), (min-width: 53rem) calc(6 * (100vw \/ 12)), 100vw\" \/><\/div>\n\t\t\t<div class=\"indiv-award\"><img decoding=\"async\" width=\"154\" height=\"144\" src=\"\" class=\"attachment-full size-full\" alt=\"top florida rising stars\" data-url=\"https:\/\/www.777injury.com\/wp-content\/uploads\/2016\/08\/award-12-no-shadow.png\" loading=\"lazy\" sizes=\"auto, (max-width: 34.9rem) calc(100vw - 2rem), (max-width: 53rem) calc(8 * (100vw \/ 12)), (min-width: 53rem) calc(6 * (100vw \/ 12)), 100vw\" \/><\/div>\n\t\t\t<div class=\"indiv-award\"><img decoding=\"async\" width=\"157\" height=\"96\" src=\"\" class=\"attachment-full size-full\" alt=\"national advocates\" data-url=\"https:\/\/www.777injury.com\/wp-content\/uploads\/2016\/04\/award-8.png\" loading=\"lazy\" sizes=\"auto, (max-width: 34.9rem) calc(100vw - 2rem), (max-width: 53rem) calc(8 * (100vw \/ 12)), (min-width: 53rem) calc(6 * (100vw \/ 12)), 100vw\" \/><\/div>\n\t\t\t<div class=\"indiv-award\"><img decoding=\"async\" width=\"300\" height=\"88\" src=\"\" class=\"attachment-full size-full\" alt=\"preeminent\" data-url=\"https:\/\/www.777injury.com\/wp-content\/uploads\/2019\/01\/Walter_F_Benenati_PR_AV_300-2019.png\" loading=\"lazy\" sizes=\"auto, (max-width: 34.9rem) calc(100vw - 2rem), (max-width: 53rem) calc(8 * (100vw \/ 12)), (min-width: 53rem) calc(6 * (100vw \/ 12)), 100vw\" \/><\/div>\n\t\t\t<div class=\"indiv-award\"><img decoding=\"async\" width=\"300\" height=\"66\" src=\"\" class=\"attachment-full size-full\" alt=\"platinum client champion\" data-url=\"https:\/\/www.777injury.com\/wp-content\/uploads\/2018\/04\/Walter_F_Benenati_CR_Platinum_300-colored.png\" loading=\"lazy\" sizes=\"auto, (max-width: 34.9rem) calc(100vw - 2rem), (max-width: 53rem) calc(8 * (100vw \/ 12)), (min-width: 53rem) calc(6 * (100vw \/ 12)), 100vw\" \/><\/div>\n\t\t<\/div>\n\t<\/div>\n\t<\/section>\n\n\n\n\n<section class=\"contact-form-section section-padding lazyload\" data-bg-img=\"https:\/\/www.777injury.com\/wp-content\/uploads\/2016\/08\/consultation-bg.jpg\" id=\"get-help\">\n\t<div class=\"content-width\">\n\t\t<h2>Consulta Inicial Gratuita<\/h2>\n\t\t<p>Si usted ha sufrido una lesi\u00f3n grave debido a la negligencia de otro, o se est\u00e1 asfixiando bajo monta\u00f1as de deudas, una consulta con el bufete de abogados de Benenati puede resultar extremadamente ventajosa. Le animamos a que llame a nuestras oficinas hoy al 407-777-7777, o llene nuestro formulario en l\u00ednea para solicitar su consulta de caso gratis, sin compromiso y completamente confidencial. Si usted es incapaz de viajar a nuestra ubicaci\u00f3n durante nuestras horas de oficina, ofrecemos despu\u00e9s de horas y visitas a domicilio para su conveniencia, tambi\u00e9n.\n<\/p>\n\n\t\t<iframe class=\"resizable\" title=\"Contact Form\" data-url=\"\/ajax-form-1\/\" aria-label=\"Contact Form\" frameborder=\"0\" width=\"600\" height=\"100\"><\/iframe>\n\t<\/div>\n<\/section>\n\n\n\n","protected":false},"excerpt":{"rendered":"","protected":false},"author":1,"featured_media":0,"parent":960,"menu_order":0,"comment_status":"closed","ping_status":"closed","template":"","meta":{"footnotes":""},"class_list":["post-1363","page","type-page","status-publish","hentry","entry"],"yoast_head":"<!-- This site is optimized with the Yoast SEO plugin v27.3 - https:\/\/yoast.com\/product\/yoast-seo-wordpress\/ -->\n<title>Abogados de Orlando de Muertes Injustas | Benenati<\/title>\n<meta name=\"description\" content=\"Perdiste un ser querido por negligencia de otra persona o negocio. Nuestro bufete de abogados de muertes por accidente puede aydurle. 407-777-7777\" \/>\n<meta name=\"robots\" content=\"index, follow, max-snippet:-1, max-image-preview:large, max-video-preview:-1\" \/>\n<link rel=\"canonical\" href=\"https:\/\/www.777injury.com\/es\/lesion-personal-en-orlando\/abogados-de-orlando-de-muertes-injustas\/\" \/>\n<meta property=\"og:locale\" content=\"es_ES\" \/>\n<meta property=\"og:type\" content=\"article\" \/>\n<meta property=\"og:title\" content=\"Abogados de Orlando de Muertes Injustas | Benenati\" \/>\n<meta property=\"og:description\" content=\"Perdiste un ser querido por negligencia de otra persona o negocio. Nuestro bufete de abogados de muertes por accidente puede aydurle. 407-777-7777\" \/>\n<meta property=\"og:url\" content=\"https:\/\/www.777injury.com\/es\/lesion-personal-en-orlando\/abogados-de-orlando-de-muertes-injustas\/\" \/>\n<meta property=\"og:site_name\" content=\"Benenati Law Firm\" \/>\n<meta property=\"article:modified_time\" content=\"2020-03-10T17:25:54+00:00\" \/>\n<meta name=\"twitter:card\" content=\"summary_large_image\" \/>\n<meta name=\"twitter:label1\" content=\"Tiempo de lectura\" \/>\n\t<meta name=\"twitter:data1\" content=\"4 minutos\" \/>\n<script type=\"application\/ld+json\" class=\"yoast-schema-graph\">{\"@context\":\"https:\\\/\\\/schema.org\",\"@graph\":[{\"@type\":\"WebPage\",\"@id\":\"https:\\\/\\\/www.777injury.com\\\/es\\\/lesion-personal-en-orlando\\\/abogados-de-orlando-de-muertes-injustas\\\/\",\"url\":\"https:\\\/\\\/www.777injury.com\\\/es\\\/lesion-personal-en-orlando\\\/abogados-de-orlando-de-muertes-injustas\\\/\",\"name\":\"Abogados de Orlando de Muertes Injustas | Benenati\",\"isPartOf\":{\"@id\":\"https:\\\/\\\/www.777injury.com\\\/#website\"},\"datePublished\":\"2018-01-15T23:43:23+00:00\",\"dateModified\":\"2020-03-10T17:25:54+00:00\",\"description\":\"Perdiste un ser querido por negligencia de otra persona o negocio. Nuestro bufete de abogados de muertes por accidente puede aydurle. 407-777-7777\",\"breadcrumb\":{\"@id\":\"https:\\\/\\\/www.777injury.com\\\/es\\\/lesion-personal-en-orlando\\\/abogados-de-orlando-de-muertes-injustas\\\/#breadcrumb\"},\"inLanguage\":\"es\",\"potentialAction\":[{\"@type\":\"ReadAction\",\"target\":[\"https:\\\/\\\/www.777injury.com\\\/es\\\/lesion-personal-en-orlando\\\/abogados-de-orlando-de-muertes-injustas\\\/\"]}]},{\"@type\":\"BreadcrumbList\",\"@id\":\"https:\\\/\\\/www.777injury.com\\\/es\\\/lesion-personal-en-orlando\\\/abogados-de-orlando-de-muertes-injustas\\\/#breadcrumb\",\"itemListElement\":[{\"@type\":\"ListItem\",\"position\":1,\"name\":\"Home\",\"item\":\"https:\\\/\\\/www.777injury.com\\\/es\\\/\"},{\"@type\":\"ListItem\",\"position\":2,\"name\":\"Lesi\u00f3n Personal en Orlando\",\"item\":\"https:\\\/\\\/www.777injury.com\\\/es\\\/lesion-personal-en-orlando\\\/\"},{\"@type\":\"ListItem\",\"position\":3,\"name\":\"Abogados de Orlando de Muertes Injustas\"}]},{\"@type\":\"WebSite\",\"@id\":\"https:\\\/\\\/www.777injury.com\\\/#website\",\"url\":\"https:\\\/\\\/www.777injury.com\\\/\",\"name\":\"Benenati Law Firm\",\"description\":\"\",\"publisher\":{\"@id\":\"https:\\\/\\\/www.777injury.com\\\/#organization\"},\"potentialAction\":[{\"@type\":\"SearchAction\",\"target\":{\"@type\":\"EntryPoint\",\"urlTemplate\":\"https:\\\/\\\/www.777injury.com\\\/?s={search_term_string}\"},\"query-input\":{\"@type\":\"PropertyValueSpecification\",\"valueRequired\":true,\"valueName\":\"search_term_string\"}}],\"inLanguage\":\"es\"},{\"@type\":\"Organization\",\"@id\":\"https:\\\/\\\/www.777injury.com\\\/#organization\",\"name\":\"Benenati Law Firm\",\"url\":\"https:\\\/\\\/www.777injury.com\\\/\",\"logo\":{\"@type\":\"ImageObject\",\"inLanguage\":\"es\",\"@id\":\"https:\\\/\\\/www.777injury.com\\\/#\\\/schema\\\/logo\\\/image\\\/\",\"url\":\"https:\\\/\\\/www.777injury.com\\\/wp-content\\\/uploads\\\/2023\\\/03\\\/cropped-Dial_7_if_you_need_a_lawyer-removebg-preview.png\",\"contentUrl\":\"https:\\\/\\\/www.777injury.com\\\/wp-content\\\/uploads\\\/2023\\\/03\\\/cropped-Dial_7_if_you_need_a_lawyer-removebg-preview.png\",\"width\":190,\"height\":190,\"caption\":\"Benenati Law Firm\"},\"image\":{\"@id\":\"https:\\\/\\\/www.777injury.com\\\/#\\\/schema\\\/logo\\\/image\\\/\"}}]}<\/script>\n<!-- \/ Yoast SEO plugin. -->","yoast_head_json":{"title":"Abogados de Orlando de Muertes Injustas | Benenati","description":"Perdiste un ser querido por negligencia de otra persona o negocio. Nuestro bufete de abogados de muertes por accidente puede aydurle. 407-777-7777","robots":{"index":"index","follow":"follow","max-snippet":"max-snippet:-1","max-image-preview":"max-image-preview:large","max-video-preview":"max-video-preview:-1"},"canonical":"https:\/\/www.777injury.com\/es\/lesion-personal-en-orlando\/abogados-de-orlando-de-muertes-injustas\/","og_locale":"es_ES","og_type":"article","og_title":"Abogados de Orlando de Muertes Injustas | Benenati","og_description":"Perdiste un ser querido por negligencia de otra persona o negocio. Nuestro bufete de abogados de muertes por accidente puede aydurle. 407-777-7777","og_url":"https:\/\/www.777injury.com\/es\/lesion-personal-en-orlando\/abogados-de-orlando-de-muertes-injustas\/","og_site_name":"Benenati Law Firm","article_modified_time":"2020-03-10T17:25:54+00:00","twitter_card":"summary_large_image","twitter_misc":{"Tiempo de lectura":"4 minutos"},"schema":{"@context":"https:\/\/schema.org","@graph":[{"@type":"WebPage","@id":"https:\/\/www.777injury.com\/es\/lesion-personal-en-orlando\/abogados-de-orlando-de-muertes-injustas\/","url":"https:\/\/www.777injury.com\/es\/lesion-personal-en-orlando\/abogados-de-orlando-de-muertes-injustas\/","name":"Abogados de Orlando de Muertes Injustas | Benenati","isPartOf":{"@id":"https:\/\/www.777injury.com\/#website"},"datePublished":"2018-01-15T23:43:23+00:00","dateModified":"2020-03-10T17:25:54+00:00","description":"Perdiste un ser querido por negligencia de otra persona o negocio. Nuestro bufete de abogados de muertes por accidente puede aydurle. 407-777-7777","breadcrumb":{"@id":"https:\/\/www.777injury.com\/es\/lesion-personal-en-orlando\/abogados-de-orlando-de-muertes-injustas\/#breadcrumb"},"inLanguage":"es","potentialAction":[{"@type":"ReadAction","target":["https:\/\/www.777injury.com\/es\/lesion-personal-en-orlando\/abogados-de-orlando-de-muertes-injustas\/"]}]},{"@type":"BreadcrumbList","@id":"https:\/\/www.777injury.com\/es\/lesion-personal-en-orlando\/abogados-de-orlando-de-muertes-injustas\/#breadcrumb","itemListElement":[{"@type":"ListItem","position":1,"name":"Home","item":"https:\/\/www.777injury.com\/es\/"},{"@type":"ListItem","position":2,"name":"Lesi\u00f3n Personal en Orlando","item":"https:\/\/www.777injury.com\/es\/lesion-personal-en-orlando\/"},{"@type":"ListItem","position":3,"name":"Abogados de Orlando de Muertes Injustas"}]},{"@type":"WebSite","@id":"https:\/\/www.777injury.com\/#website","url":"https:\/\/www.777injury.com\/","name":"Benenati Law Firm","description":"","publisher":{"@id":"https:\/\/www.777injury.com\/#organization"},"potentialAction":[{"@type":"SearchAction","target":{"@type":"EntryPoint","urlTemplate":"https:\/\/www.777injury.com\/?s={search_term_string}"},"query-input":{"@type":"PropertyValueSpecification","valueRequired":true,"valueName":"search_term_string"}}],"inLanguage":"es"},{"@type":"Organization","@id":"https:\/\/www.777injury.com\/#organization","name":"Benenati Law Firm","url":"https:\/\/www.777injury.com\/","logo":{"@type":"ImageObject","inLanguage":"es","@id":"https:\/\/www.777injury.com\/#\/schema\/logo\/image\/","url":"https:\/\/www.777injury.com\/wp-content\/uploads\/2023\/03\/cropped-Dial_7_if_you_need_a_lawyer-removebg-preview.png","contentUrl":"https:\/\/www.777injury.com\/wp-content\/uploads\/2023\/03\/cropped-Dial_7_if_you_need_a_lawyer-removebg-preview.png","width":190,"height":190,"caption":"Benenati Law Firm"},"image":{"@id":"https:\/\/www.777injury.com\/#\/schema\/logo\/image\/"}}]}},"_links":{"self":[{"href":"https:\/\/www.777injury.com\/es\/wp-json\/wp\/v2\/pages\/1363","targetHints":{"allow":["GET"]}}],"collection":[{"href":"https:\/\/www.777injury.com\/es\/wp-json\/wp\/v2\/pages"}],"about":[{"href":"https:\/\/www.777injury.com\/es\/wp-json\/wp\/v2\/types\/page"}],"author":[{"embeddable":true,"href":"https:\/\/www.777injury.com\/es\/wp-json\/wp\/v2\/users\/1"}],"replies":[{"embeddable":true,"href":"https:\/\/www.777injury.com\/es\/wp-json\/wp\/v2\/comments?post=1363"}],"version-history":[{"count":0,"href":"https:\/\/www.777injury.com\/es\/wp-json\/wp\/v2\/pages\/1363\/revisions"}],"up":[{"embeddable":true,"href":"https:\/\/www.777injury.com\/es\/wp-json\/wp\/v2\/pages\/960"}],"wp:attachment":[{"href":"https:\/\/www.777injury.com\/es\/wp-json\/wp\/v2\/media?parent=1363"}],"curies":[{"name":"wp","href":"https:\/\/api.w.org\/{rel}","templated":true}]}}