
{"id":1356,"date":"2018-01-15T22:18:50","date_gmt":"2018-01-15T22:18:50","guid":{"rendered":"https:\/\/www.777injury.com\/fees-spanish\/"},"modified":"2019-07-30T14:38:03","modified_gmt":"2019-07-30T14:38:03","slug":"fees-spanish","status":"publish","type":"page","link":"https:\/\/www.777injury.com\/es\/fees-spanish\/","title":{"rendered":"Fees Spanish"},"content":{"rendered":"\n<section class=\"pa-main-banner flex\" style=\"background-image: url('https:\/\/www.777injury.com\/wp-content\/uploads\/2016\/11\/header-bg10.jpg');\">\n\t<div class=\"image\"><img decoding=\"async\" width=\"977\" height=\"312\" src=\"\" class=\"attachment-full size-full\" alt=\"\" srcset=\"https:\/\/www.777injury.com\/wp-content\/uploads\/2016\/11\/word-bg10.png 977w, https:\/\/www.777injury.com\/wp-content\/uploads\/2016\/11\/word-bg10-300x96.png 300w, https:\/\/www.777injury.com\/wp-content\/uploads\/2016\/11\/word-bg10-768x245.png 768w\" sizes=\"auto, (max-width: 34.9rem) calc(100vw - 2rem), (max-width: 53rem) calc(8 * (100vw \/ 12)), (min-width: 53rem) calc(6 * (100vw \/ 12)), 100vw\" data-url=\"https:\/\/www.777injury.com\/wp-content\/uploads\/2016\/11\/word-bg10.png\" loading=\"lazy\" \/><\/div>\n\t<div class=\"flex awards\">\n\t\t<div class=\"indiv-award\"><img decoding=\"async\" width=\"257\" height=\"231\" src=\"\" class=\"attachment-full size-full\" alt=\"avvo 10 superb rating\" data-url=\"https:\/\/www.777injury.com\/wp-content\/uploads\/2016\/08\/benenati-avvo1.png\" loading=\"lazy\" sizes=\"auto, (max-width: 34.9rem) calc(100vw - 2rem), (max-width: 53rem) calc(8 * (100vw \/ 12)), (min-width: 53rem) calc(6 * (100vw \/ 12)), 100vw\" \/><\/div>\n\t\t<div class=\"indiv-award\"><img decoding=\"async\" width=\"307\" height=\"90\" src=\"\" class=\"attachment-full size-full\" alt=\"av preeminent\" srcset=\"https:\/\/www.777injury.com\/wp-content\/uploads\/2019\/01\/walter-benenati-av-rated-2019.png 307w, https:\/\/www.777injury.com\/wp-content\/uploads\/2019\/01\/walter-benenati-av-rated-2019-300x88.png 300w\" sizes=\"auto, (max-width: 34.9rem) calc(100vw - 2rem), (max-width: 53rem) calc(8 * (100vw \/ 12)), (min-width: 53rem) calc(6 * (100vw \/ 12)), 100vw\" data-url=\"https:\/\/www.777injury.com\/wp-content\/uploads\/2019\/01\/walter-benenati-av-rated-2019.png\" loading=\"lazy\" \/><\/div>\n\t\t<div class=\"indiv-award\"><img decoding=\"async\" width=\"236\" height=\"60\" src=\"\" class=\"attachment-full size-full\" alt=\"super lawyers\" data-url=\"https:\/\/www.777injury.com\/wp-content\/uploads\/2016\/04\/bene-award3.png\" loading=\"lazy\" sizes=\"auto, (max-width: 34.9rem) calc(100vw - 2rem), (max-width: 53rem) calc(8 * (100vw \/ 12)), (min-width: 53rem) calc(6 * (100vw \/ 12)), 100vw\" \/><\/div>\n\t\t<div class=\"indiv-award\"><img decoding=\"async\" width=\"187\" height=\"116\" src=\"\" class=\"attachment-full size-full\" alt=\"national advocates\" data-url=\"https:\/\/www.777injury.com\/wp-content\/uploads\/2016\/04\/bene-award4.png\" loading=\"lazy\" sizes=\"auto, (max-width: 34.9rem) calc(100vw - 2rem), (max-width: 53rem) calc(8 * (100vw \/ 12)), (min-width: 53rem) calc(6 * (100vw \/ 12)), 100vw\" \/><\/div>\n\t\t<div class=\"indiv-award\"><img decoding=\"async\" width=\"176\" height=\"150\" src=\"\" class=\"attachment-full size-full\" alt=\"legal elite\" data-url=\"https:\/\/www.777injury.com\/wp-content\/uploads\/2019\/06\/Florida-Legal-Elite-2019-Benenati-Yellow-2.png\" loading=\"lazy\" sizes=\"auto, (max-width: 34.9rem) calc(100vw - 2rem), (max-width: 53rem) calc(8 * (100vw \/ 12)), (min-width: 53rem) calc(6 * (100vw \/ 12)), 100vw\" \/><\/div>\n\t\t<div class=\"indiv-award\"><img decoding=\"async\" width=\"154\" height=\"144\" src=\"\" class=\"attachment-full size-full\" alt=\"top attorneys florida\" data-url=\"https:\/\/www.777injury.com\/wp-content\/uploads\/2016\/08\/award-12-with-shadow.png\" loading=\"lazy\" sizes=\"auto, (max-width: 34.9rem) calc(100vw - 2rem), (max-width: 53rem) calc(8 * (100vw \/ 12)), (min-width: 53rem) calc(6 * (100vw \/ 12)), 100vw\" \/><\/div>\n\t<\/div>\n<\/section>\n\n\n\n<section class=\"white-bg-columns section-padding\">\n\t<div class=\"content-width\">\n\t\t<h2>The Cost of Filing Bankruptcy<\/h2>\n\t\t<p class=\"tagline\">The costs of filing bankruptcy in Orlando and Kissimmee. Our fees are lower than you think.<\/p>\n\t\t<div class=\"column-containers flex\">\n\t\t\t\n<div>\n<p>When I quote our fees I often get the same reaction. &ldquo;Whoa &ndash; that is lower than everyone else&rdquo;. When I hear that I am sometimes embarrassed. Should I be charging more? Perhaps. My theory is this: if the fees are lower and you were treated well, you will refer all your friends and family and we will be busier. It is not rocket science. Our basic Chapter 7 fees vary.<\/p>\n<p>The basic cost for a Chapter 7 bankruptcy is usually around $1250-$1500. If you are on a fixed income or have a case that is not that complicated it will probably be lower. If you have multiple properties and a lot going on, it might be higher. Fees are on a sliding scale based upon your income. They are designed to help the average person have access to affordable legal services. Clients can qualify for discounted fees according to your income.<\/p>\n<p>If you bring me a written offer from another attorney, we may be able to match their offer. Please consider us in your efforts to hire an affordable bankruptcy lawyer in Orlando and Kissimmee.<\/p>\n<p>The process is simple on your part. Once the bankruptcy fees are paid in full, we will set up a petition signing appointment to file your case. After that, we will handle everything from there. Most of our clients pay for the cost of bankruptcy in this traditional method. Remember, the day you hire&nbsp;us, you can begin telling debt collectors to call your lawyer.<\/p>\n<\/div>\n<div>\n<h3>Are Your Wages Being Garnished?<\/h3>\n<p>The biggest obstacle to filing bankruptcy is the cost when you are being garnished. At the Benenati Law Firm, upfront cost should never be an issue. &nbsp;(1) As long as you have a verifiable income source of at least $3500 per month and (2) you are currently subject to a wage garnishment, you pay $150.00 and <span class=\"gold-quote\">At the Benenati Law Firm, our primary goal is to protect clients\u2019 interests. You, our client, are our number one priority.<\/span> we file your case. It is that simple. That is because we do not charge the cost upfront if your wages are being garnished. Most every bankruptcy law firm demands you pay everything up front to file your case. The rate that is advertised is what you will put down to &ldquo;get started&rdquo;. Getting started means a lot of waiting until your case is filed and paid for in full.<\/p>\n<p>We offer a true bankruptcy payment plan for those individuals who are being garnished. &nbsp;Other bankruptcy law firms may allow you to &ldquo;SIGN UP&rdquo; with their firm for a small fee, but you will have to pay all fees and costs to get &ldquo;FILED&rdquo;<\/p>\n<\/div>\n<div>\n<img data-url=\"https:\/\/www.777injury.com\/wp-content\/uploads\/2016\/08\/Fees.jpg\" alt=\"\" width=\"364\" height=\"315\" class=\"aligncenter size-full wp-image-992\" \/><\/p>\n<p>and activate the legal protection from debt collectors.<\/p>\n<p>At the&nbsp;<a href=\"https:\/\/www.407bankrupt.com\/\">Benenati Law Firm<\/a>, your bankruptcy case can be &ldquo;FILED&rdquo; and you can receive your case number for the amount listed below. We will file your case for the filing fee plus the costs for obtaining the Credit Reports and running an asset check and tax verification. These cases are filed for $150.00 in addition to the $335.00 Court Filing Fee. If you decide to hire us for representation after your case has been filed, a payment plan for a post-filing representation is then designed based on your bankruptcy type and income. The remaining balance of fees are paid over a 4 month period based on the clients weekly, bi-weekly, semi-monthly or monthly income source. Most clients pay around $175.00 bi-weekly. Each case is different and has to be quoted by Attorney Walter Benenati. Paying more down will lower the monthly payments. Please keep in mind filing bankruptcy under this program ONLY applies when a wage garnishment is in place.<\/p>\n<\/div>\n\t\t<\/div>\n\t<\/div>\n<\/section>\n\n\n\t\t<style>\n\t\t\t.white-bg-columns h2{text-align: center; color: #da2; margin-top: 0;}\n\t\t\t.white-bg-columns .tagline{font-family: \"Playfair Display SC\", serif; text-align: center; font-style: italic;}\n\t\t\t.white-bg-columns .column-containers{justify-content: space-between; align-items: stretch;}\n\t\t\t\t\t\t\t\t\t\t\t\t\t.white-bg-columns .column-containers > div{width: 31%;}\n\t\t\t\t\t\t.white-bg-columns .column-containers .gold-quote{font-size: 1.8em; line-height: 1em; font-family: \"Playfair Display\", serif; font-style: italic; background: #da2; display: block; padding: 6%; margin: 1em 0; position: relative; text-align: center;}\n\t\t\tspan.gold-quote:after, span.gold-quote:before {content: \"\"; display: block; height: 2px; width: 100%; background: black; margin: 0 auto; position: absolute; left: 0;}\n\t\t\tspan.gold-quote:after{top: 104%;}\n\t\t\tspan.gold-quote:before{bottom: 104%;}\n\t\t\t@media(max-width: 750px){\n\t\t\t\t.white-bg-columns .column-containers > div{width: 100%;}\n\t\t\t\t.white-bg-columns .column-containers img{max-width: 450px; width: 100%; display: block; margin: 1em auto;}\n\t\t\t\t.white-bg-columns .column-containers .gold-quote{text-align: center;}\n\t\t\t}\n\t\t<\/style>\n\t\n\n<section class=\"cta-number-section\">\n\t<a href=\"tel:+14077777777\" class=\"flex click-to-call content-width\">\n\t\t<p>Llame al bufete de abogados Benenati hoy<\/p>\n\t\t<div><img decoding=\"async\" width=\"370\" height=\"87\" src=\"\" class=\"attachment-full size-full\" alt=\"call benenati number\" srcset=\"https:\/\/www.777injury.com\/wp-content\/uploads\/2020\/09\/new-777-number.png 370w, https:\/\/www.777injury.com\/wp-content\/uploads\/2020\/09\/new-777-number-300x71.png 300w\" sizes=\"auto, (max-width: 34.9rem) calc(100vw - 2rem), (max-width: 53rem) calc(8 * (100vw \/ 12)), (min-width: 53rem) calc(6 * (100vw \/ 12)), 100vw\" data-url=\"https:\/\/www.777injury.com\/wp-content\/uploads\/2020\/09\/new-777-number.png\" loading=\"lazy\" \/><\/div>\n\t<\/a>\n<\/section>\n\n\n\n\t\t<style>\n\t\t\t.cta-number-section{background: #000;}\n\t\t\t.cta-number-section .click-to-call{display: flex; padding: 1em 0; justify-content: space-between; align-items: center;}\n\t\t\t.cta-number-section .click-to-call p{font-family: \"Playfair Display SC\"; color: #da2; padding: 0; font-size: 1.8em; font-weight: bold;}\n\t\t\t.cta-number-section .click-to-call div img{width: 270px;}\n\t\t\t@media(max-width: 1100px){\n\t\t\t\t.cta-number-section .click-to-call{padding-left: 2%; padding-right: 2%;}\n\t\t\t}\n\t\t\t@media(max-width: 1000px){\n\t\t\t\t.cta-number-section .click-to-call{flex-direction: column;}\n\t\t\t\t.cta-number-section .click-to-call p{text-align: center; font-size: 1.4em;}\n\t\t\t\t.cta-number-section .click-to-call div{margin-top: .5em;}\n\t\t\t}\n\t\t<\/style>\n\t\n\n<section class=\"individual-attorney-testimonials section-padding\">\n\t<div class=\"content-width\">\n\t\t<h2>Don't Just Take Our Word For It<\/h2>\n\t\t<div class=\"testimonial-container flex\">\n\t\t\t<div class=\"clients\">\n\t\t\t\t<p class=\"testimonial-name\">\n\t\t\t\t\tRichard & Toni F.<br>\n\t\t\t\t\tCliente\t\t\t\t<\/p>\n\t\t\t\t<p class=\"stars\">\u2b51\u2b51\u2b51\u2b51\u2b51<\/p>\n\t\t\t<\/div>\n\t\t\t<div class=\"testi-quote\">\n\t\t\t\t<p>\n\u201cThe entire staff was very courteous and knowledgeable. They took the time to answer all our questions and helped us achieve our goals.\u201d<br \/>\n<\/p>\n\t\t\t<\/div>\n\t\t<\/div>\n\t\t<a class=\"button\" href=\"\">VIEW MORE<\/a>\n\t<\/div>\n<\/section>\n\n\n\n<section class=\"contact-form-section section-padding lazyload\" data-bg-img=\"https:\/\/www.777injury.com\/wp-content\/uploads\/2016\/08\/consultation-bg.jpg\" id=\"get-help\">\n\t<div class=\"content-width\">\n\t\t<h2>Consulta Inicial Gratuita<\/h2>\n\t\t<p>Si usted ha sufrido una lesi\u00f3n grave debido a la negligencia de otro, o se est\u00e1 asfixiando bajo monta\u00f1as de deudas, una consulta con el bufete de abogados de Benenati puede resultar extremadamente ventajosa. Le animamos a que llame a nuestras oficinas hoy al 407-777-7777, o llene nuestro formulario en l\u00ednea para solicitar su consulta de caso gratis, sin compromiso y completamente confidencial. Si usted es incapaz de viajar a nuestra ubicaci\u00f3n durante nuestras horas de oficina, ofrecemos despu\u00e9s de horas y visitas a domicilio para su conveniencia, tambi\u00e9n.\n<\/p>\n\n\t\t<iframe class=\"resizable\" title=\"Contact Form\" data-url=\"\/ajax-form-1\/\" aria-label=\"Contact Form\" frameborder=\"0\" width=\"600\" height=\"100\"><\/iframe>\n\t<\/div>\n<\/section>\n\n\n\n","protected":false},"excerpt":{"rendered":"","protected":false},"author":1,"featured_media":0,"parent":0,"menu_order":0,"comment_status":"closed","ping_status":"closed","template":"","meta":{"footnotes":""},"class_list":["post-1356","page","type-page","status-publish","hentry","entry"],"yoast_head":"<!-- This site is optimized with the Yoast SEO plugin v27.3 - https:\/\/yoast.com\/product\/yoast-seo-wordpress\/ -->\n<title>Fees For Filing Bankruptcy In Orlando | The Benenati Law Firm<\/title>\n<meta name=\"description\" content=\"Learn more about the fees associated with a personal injury claim in Orlando here. Call 407-777-777 for help with your case today. Free consultation.\" \/>\n<meta name=\"robots\" content=\"index, follow, max-snippet:-1, max-image-preview:large, max-video-preview:-1\" \/>\n<link rel=\"canonical\" href=\"https:\/\/www.777injury.com\/es\/fees-spanish\/\" \/>\n<meta property=\"og:locale\" content=\"es_ES\" \/>\n<meta property=\"og:type\" content=\"article\" \/>\n<meta property=\"og:title\" content=\"Fees For Filing Bankruptcy In Orlando | The Benenati Law Firm\" \/>\n<meta property=\"og:description\" content=\"Learn more about the fees associated with a personal injury claim in Orlando here. Call 407-777-777 for help with your case today. Free consultation.\" \/>\n<meta property=\"og:url\" content=\"https:\/\/www.777injury.com\/es\/fees-spanish\/\" \/>\n<meta property=\"og:site_name\" content=\"Benenati Law Firm\" \/>\n<meta property=\"article:modified_time\" content=\"2019-07-30T14:38:03+00:00\" \/>\n<meta name=\"twitter:card\" content=\"summary_large_image\" \/>\n<meta name=\"twitter:label1\" content=\"Tiempo de lectura\" \/>\n\t<meta name=\"twitter:data1\" content=\"4 minutos\" \/>\n<script type=\"application\/ld+json\" class=\"yoast-schema-graph\">{\"@context\":\"https:\\\/\\\/schema.org\",\"@graph\":[{\"@type\":\"WebPage\",\"@id\":\"https:\\\/\\\/www.777injury.com\\\/es\\\/fees-spanish\\\/\",\"url\":\"https:\\\/\\\/www.777injury.com\\\/es\\\/fees-spanish\\\/\",\"name\":\"Fees For Filing Bankruptcy In Orlando | The Benenati Law Firm\",\"isPartOf\":{\"@id\":\"https:\\\/\\\/www.777injury.com\\\/#website\"},\"datePublished\":\"2018-01-15T22:18:50+00:00\",\"dateModified\":\"2019-07-30T14:38:03+00:00\",\"description\":\"Learn more about the fees associated with a personal injury claim in Orlando here. Call 407-777-777 for help with your case today. Free consultation.\",\"breadcrumb\":{\"@id\":\"https:\\\/\\\/www.777injury.com\\\/es\\\/fees-spanish\\\/#breadcrumb\"},\"inLanguage\":\"es\",\"potentialAction\":[{\"@type\":\"ReadAction\",\"target\":[\"https:\\\/\\\/www.777injury.com\\\/es\\\/fees-spanish\\\/\"]}]},{\"@type\":\"BreadcrumbList\",\"@id\":\"https:\\\/\\\/www.777injury.com\\\/es\\\/fees-spanish\\\/#breadcrumb\",\"itemListElement\":[{\"@type\":\"ListItem\",\"position\":1,\"name\":\"Home\",\"item\":\"https:\\\/\\\/www.777injury.com\\\/es\\\/\"},{\"@type\":\"ListItem\",\"position\":2,\"name\":\"Fees Spanish\"}]},{\"@type\":\"WebSite\",\"@id\":\"https:\\\/\\\/www.777injury.com\\\/#website\",\"url\":\"https:\\\/\\\/www.777injury.com\\\/\",\"name\":\"Benenati Law Firm\",\"description\":\"\",\"publisher\":{\"@id\":\"https:\\\/\\\/www.777injury.com\\\/#organization\"},\"potentialAction\":[{\"@type\":\"SearchAction\",\"target\":{\"@type\":\"EntryPoint\",\"urlTemplate\":\"https:\\\/\\\/www.777injury.com\\\/?s={search_term_string}\"},\"query-input\":{\"@type\":\"PropertyValueSpecification\",\"valueRequired\":true,\"valueName\":\"search_term_string\"}}],\"inLanguage\":\"es\"},{\"@type\":\"Organization\",\"@id\":\"https:\\\/\\\/www.777injury.com\\\/#organization\",\"name\":\"Benenati Law Firm\",\"url\":\"https:\\\/\\\/www.777injury.com\\\/\",\"logo\":{\"@type\":\"ImageObject\",\"inLanguage\":\"es\",\"@id\":\"https:\\\/\\\/www.777injury.com\\\/#\\\/schema\\\/logo\\\/image\\\/\",\"url\":\"https:\\\/\\\/www.777injury.com\\\/wp-content\\\/uploads\\\/2023\\\/03\\\/cropped-Dial_7_if_you_need_a_lawyer-removebg-preview.png\",\"contentUrl\":\"https:\\\/\\\/www.777injury.com\\\/wp-content\\\/uploads\\\/2023\\\/03\\\/cropped-Dial_7_if_you_need_a_lawyer-removebg-preview.png\",\"width\":190,\"height\":190,\"caption\":\"Benenati Law Firm\"},\"image\":{\"@id\":\"https:\\\/\\\/www.777injury.com\\\/#\\\/schema\\\/logo\\\/image\\\/\"}}]}<\/script>\n<!-- \/ Yoast SEO plugin. -->","yoast_head_json":{"title":"Fees For Filing Bankruptcy In Orlando | The Benenati Law Firm","description":"Learn more about the fees associated with a personal injury claim in Orlando here. Call 407-777-777 for help with your case today. Free consultation.","robots":{"index":"index","follow":"follow","max-snippet":"max-snippet:-1","max-image-preview":"max-image-preview:large","max-video-preview":"max-video-preview:-1"},"canonical":"https:\/\/www.777injury.com\/es\/fees-spanish\/","og_locale":"es_ES","og_type":"article","og_title":"Fees For Filing Bankruptcy In Orlando | The Benenati Law Firm","og_description":"Learn more about the fees associated with a personal injury claim in Orlando here. Call 407-777-777 for help with your case today. Free consultation.","og_url":"https:\/\/www.777injury.com\/es\/fees-spanish\/","og_site_name":"Benenati Law Firm","article_modified_time":"2019-07-30T14:38:03+00:00","twitter_card":"summary_large_image","twitter_misc":{"Tiempo de lectura":"4 minutos"},"schema":{"@context":"https:\/\/schema.org","@graph":[{"@type":"WebPage","@id":"https:\/\/www.777injury.com\/es\/fees-spanish\/","url":"https:\/\/www.777injury.com\/es\/fees-spanish\/","name":"Fees For Filing Bankruptcy In Orlando | The Benenati Law Firm","isPartOf":{"@id":"https:\/\/www.777injury.com\/#website"},"datePublished":"2018-01-15T22:18:50+00:00","dateModified":"2019-07-30T14:38:03+00:00","description":"Learn more about the fees associated with a personal injury claim in Orlando here. Call 407-777-777 for help with your case today. Free consultation.","breadcrumb":{"@id":"https:\/\/www.777injury.com\/es\/fees-spanish\/#breadcrumb"},"inLanguage":"es","potentialAction":[{"@type":"ReadAction","target":["https:\/\/www.777injury.com\/es\/fees-spanish\/"]}]},{"@type":"BreadcrumbList","@id":"https:\/\/www.777injury.com\/es\/fees-spanish\/#breadcrumb","itemListElement":[{"@type":"ListItem","position":1,"name":"Home","item":"https:\/\/www.777injury.com\/es\/"},{"@type":"ListItem","position":2,"name":"Fees Spanish"}]},{"@type":"WebSite","@id":"https:\/\/www.777injury.com\/#website","url":"https:\/\/www.777injury.com\/","name":"Benenati Law Firm","description":"","publisher":{"@id":"https:\/\/www.777injury.com\/#organization"},"potentialAction":[{"@type":"SearchAction","target":{"@type":"EntryPoint","urlTemplate":"https:\/\/www.777injury.com\/?s={search_term_string}"},"query-input":{"@type":"PropertyValueSpecification","valueRequired":true,"valueName":"search_term_string"}}],"inLanguage":"es"},{"@type":"Organization","@id":"https:\/\/www.777injury.com\/#organization","name":"Benenati Law Firm","url":"https:\/\/www.777injury.com\/","logo":{"@type":"ImageObject","inLanguage":"es","@id":"https:\/\/www.777injury.com\/#\/schema\/logo\/image\/","url":"https:\/\/www.777injury.com\/wp-content\/uploads\/2023\/03\/cropped-Dial_7_if_you_need_a_lawyer-removebg-preview.png","contentUrl":"https:\/\/www.777injury.com\/wp-content\/uploads\/2023\/03\/cropped-Dial_7_if_you_need_a_lawyer-removebg-preview.png","width":190,"height":190,"caption":"Benenati Law Firm"},"image":{"@id":"https:\/\/www.777injury.com\/#\/schema\/logo\/image\/"}}]}},"_links":{"self":[{"href":"https:\/\/www.777injury.com\/es\/wp-json\/wp\/v2\/pages\/1356","targetHints":{"allow":["GET"]}}],"collection":[{"href":"https:\/\/www.777injury.com\/es\/wp-json\/wp\/v2\/pages"}],"about":[{"href":"https:\/\/www.777injury.com\/es\/wp-json\/wp\/v2\/types\/page"}],"author":[{"embeddable":true,"href":"https:\/\/www.777injury.com\/es\/wp-json\/wp\/v2\/users\/1"}],"replies":[{"embeddable":true,"href":"https:\/\/www.777injury.com\/es\/wp-json\/wp\/v2\/comments?post=1356"}],"version-history":[{"count":0,"href":"https:\/\/www.777injury.com\/es\/wp-json\/wp\/v2\/pages\/1356\/revisions"}],"wp:attachment":[{"href":"https:\/\/www.777injury.com\/es\/wp-json\/wp\/v2\/media?parent=1356"}],"curies":[{"name":"wp","href":"https:\/\/api.w.org\/{rel}","templated":true}]}}