
{"id":1355,"date":"2018-01-15T22:17:24","date_gmt":"2018-01-15T22:17:24","guid":{"rendered":"https:\/\/www.777injury.com\/contact\/"},"modified":"2020-03-10T17:28:13","modified_gmt":"2020-03-10T17:28:13","slug":"contactenos","status":"publish","type":"page","link":"https:\/\/www.777injury.com\/es\/contactenos\/","title":{"rendered":"Cont\u00e1ctenos"},"content":{"rendered":"\n<section class=\"pa-main-banner flex\" style=\"background-image: url('https:\/\/www.777injury.com\/wp-content\/uploads\/2016\/11\/header-bg8.jpg');\">\n\t<div class=\"image\"><img decoding=\"async\" width=\"750\" height=\"312\" src=\"\" class=\"attachment-full size-full\" alt=\"\" srcset=\"https:\/\/www.777injury.com\/wp-content\/uploads\/2016\/11\/word-bg8.png 750w, https:\/\/www.777injury.com\/wp-content\/uploads\/2016\/11\/word-bg8-300x125.png 300w\" sizes=\"auto, (max-width: 34.9rem) calc(100vw - 2rem), (max-width: 53rem) calc(8 * (100vw \/ 12)), (min-width: 53rem) calc(6 * (100vw \/ 12)), 100vw\" data-url=\"https:\/\/www.777injury.com\/wp-content\/uploads\/2016\/11\/word-bg8.png\" loading=\"lazy\" \/><\/div>\n\t<div class=\"flex awards\">\n\t\t<div class=\"indiv-award\"><img decoding=\"async\" width=\"257\" height=\"231\" src=\"\" class=\"attachment-full size-full\" alt=\"avvo 10 superb rating\" data-url=\"https:\/\/www.777injury.com\/wp-content\/uploads\/2016\/08\/benenati-avvo1.png\" loading=\"lazy\" sizes=\"auto, (max-width: 34.9rem) calc(100vw - 2rem), (max-width: 53rem) calc(8 * (100vw \/ 12)), (min-width: 53rem) calc(6 * (100vw \/ 12)), 100vw\" \/><\/div>\n\t\t<div class=\"indiv-award\"><img decoding=\"async\" width=\"307\" height=\"90\" src=\"\" class=\"attachment-full size-full\" alt=\"av preeminent\" srcset=\"https:\/\/www.777injury.com\/wp-content\/uploads\/2019\/01\/walter-benenati-av-rated-2019.png 307w, https:\/\/www.777injury.com\/wp-content\/uploads\/2019\/01\/walter-benenati-av-rated-2019-300x88.png 300w\" sizes=\"auto, (max-width: 34.9rem) calc(100vw - 2rem), (max-width: 53rem) calc(8 * (100vw \/ 12)), (min-width: 53rem) calc(6 * (100vw \/ 12)), 100vw\" data-url=\"https:\/\/www.777injury.com\/wp-content\/uploads\/2019\/01\/walter-benenati-av-rated-2019.png\" loading=\"lazy\" \/><\/div>\n\t\t<div class=\"indiv-award\"><img decoding=\"async\" width=\"236\" height=\"60\" src=\"\" class=\"attachment-full size-full\" alt=\"super lawyers\" data-url=\"https:\/\/www.777injury.com\/wp-content\/uploads\/2016\/04\/bene-award3.png\" loading=\"lazy\" sizes=\"auto, (max-width: 34.9rem) calc(100vw - 2rem), (max-width: 53rem) calc(8 * (100vw \/ 12)), (min-width: 53rem) calc(6 * (100vw \/ 12)), 100vw\" \/><\/div>\n\t\t<div class=\"indiv-award\"><img decoding=\"async\" width=\"187\" height=\"116\" src=\"\" class=\"attachment-full size-full\" alt=\"national advocates\" data-url=\"https:\/\/www.777injury.com\/wp-content\/uploads\/2016\/04\/bene-award4.png\" loading=\"lazy\" sizes=\"auto, (max-width: 34.9rem) calc(100vw - 2rem), (max-width: 53rem) calc(8 * (100vw \/ 12)), (min-width: 53rem) calc(6 * (100vw \/ 12)), 100vw\" \/><\/div>\n\t\t<div class=\"indiv-award\"><img decoding=\"async\" width=\"176\" height=\"150\" src=\"\" class=\"attachment-full size-full\" alt=\"legal elite\" data-url=\"https:\/\/www.777injury.com\/wp-content\/uploads\/2019\/06\/Florida-Legal-Elite-2019-Benenati-Yellow-2.png\" loading=\"lazy\" sizes=\"auto, (max-width: 34.9rem) calc(100vw - 2rem), (max-width: 53rem) calc(8 * (100vw \/ 12)), (min-width: 53rem) calc(6 * (100vw \/ 12)), 100vw\" \/><\/div>\n\t\t<div class=\"indiv-award\"><img decoding=\"async\" width=\"154\" height=\"144\" src=\"\" class=\"attachment-full size-full\" alt=\"top attorneys florida\" data-url=\"https:\/\/www.777injury.com\/wp-content\/uploads\/2016\/08\/award-12-with-shadow.png\" loading=\"lazy\" sizes=\"auto, (max-width: 34.9rem) calc(100vw - 2rem), (max-width: 53rem) calc(8 * (100vw \/ 12)), (min-width: 53rem) calc(6 * (100vw \/ 12)), 100vw\" \/><\/div>\n\t<\/div>\n<\/section>\n\n\n\n<section class=\"contact-page-section section-padding top\">\n\t<div class=\"content-width\">\n\t\t<h2>Oficina de Orlando\t\t<\/h2>\n\t\t\n\t\t<div class=\"contact-icons flex\">\n\t\t\t\n\t\t\t\n\t\t\t<div class=\"address\">\n\t\t\t\t<img decoding=\"async\" width=\"404\" height=\"235\" src=\"\" class=\"attachment-full size-full\" alt=\"\" srcset=\"https:\/\/www.777injury.com\/wp-content\/uploads\/2016\/08\/contact-1.png 404w, https:\/\/www.777injury.com\/wp-content\/uploads\/2016\/08\/contact-1-300x175.png 300w\" sizes=\"auto, (max-width: 34.9rem) calc(100vw - 2rem), (max-width: 53rem) calc(8 * (100vw \/ 12)), (min-width: 53rem) calc(6 * (100vw \/ 12)), 100vw\" data-url=\"https:\/\/www.777injury.com\/wp-content\/uploads\/2016\/08\/contact-1.png\" loading=\"lazy\" \/>\t\t\t\t<p>\n\t\t\t\t\t2702 E Robinson Street<br>\n\t\t\t\t\tOrlando, Florida 32803\t\t\t\t<\/p>\n\t\t\t<\/div>\n\t\t\t\n\t\t\t\n\t\t\t<div class=\"phone\">\n\t\t\t\t<img decoding=\"async\" width=\"404\" height=\"229\" src=\"\" class=\"attachment-full size-full\" alt=\"\" srcset=\"https:\/\/www.777injury.com\/wp-content\/uploads\/2016\/08\/contact-2.png 404w, https:\/\/www.777injury.com\/wp-content\/uploads\/2016\/08\/contact-2-300x170.png 300w\" sizes=\"auto, (max-width: 34.9rem) calc(100vw - 2rem), (max-width: 53rem) calc(8 * (100vw \/ 12)), (min-width: 53rem) calc(6 * (100vw \/ 12)), 100vw\" data-url=\"https:\/\/www.777injury.com\/wp-content\/uploads\/2016\/08\/contact-2.png\" loading=\"lazy\" \/>\t\t\t\t<p>\n\t\t\t\t\t<a href=\"tel:+1(407) 777-7777\">(407) 777-7777<\/a>\n\t\t\t\t<\/p>\n\t\t\t<\/div>\n\t\t\t\n\t\t\t\n\t\t\t<div class=\"email\">\n\t\t\t\t<img decoding=\"async\" width=\"404\" height=\"218\" src=\"\" class=\"attachment-full size-full\" alt=\"\" srcset=\"https:\/\/www.777injury.com\/wp-content\/uploads\/2016\/08\/contact-3.png 404w, https:\/\/www.777injury.com\/wp-content\/uploads\/2016\/08\/contact-3-300x162.png 300w\" sizes=\"auto, (max-width: 34.9rem) calc(100vw - 2rem), (max-width: 53rem) calc(8 * (100vw \/ 12)), (min-width: 53rem) calc(6 * (100vw \/ 12)), 100vw\" data-url=\"https:\/\/www.777injury.com\/wp-content\/uploads\/2016\/08\/contact-3.png\" loading=\"lazy\" \/>\t\t\t\t<p>\n\t\t\t\t\t<a href=\"mailto:info@777lawfirm.com\">info@777lawfirm.com<\/a>\n\t\t\t\t<\/p>\n\t\t\t<\/div>\n\t\t\t\n\t\t\t\n\t\t<\/div>\n\t\t<div class=\"map\">\n\t\t\t\n<iframe style=\"border: 0px; opacity: 1; visibility: visible;\" data-url=\"https:\/\/www.google.com\/maps\/embed?pb=!1m14!1m8!1m3!1d14019.203811202662!2d-81.348673!3d28.545702!3m2!1i1024!2i768!4f13.1!3m3!1m2!1s0x0%3A0x66c97befff6d94e9!2sBenenati+Law+Firm+A+Professional+Association!5e0!3m2!1sen!2sus!4v1502298159526\" width=\"93%\" height=\"300\" frameborder=\"0\" allowfullscreen=\"allowfullscreen\" data-rocket-lazyload=\"fitvidscompatible\" data-lazy-src=\"https:\/\/www.google.com\/maps\/embed?pb=!1m14!1m8!1m3!1d14019.203811202662!2d-81.348673!3d28.545702!3m2!1i1024!2i768!4f13.1!3m3!1m2!1s0x0%3A0x66c97befff6d94e9!2sBenenati+Law+Firm+A+Professional+Association!5e0!3m2!1sen!2sus!4v1502298159526\" class=\"lazyloaded\" data-was-processed=\"true\"><\/iframe><br \/>\n\n<label class=\"toggle\">\n\t<strong>OBTENER LAS DIRECCIONES<\/strong>\n\t<input type=\"radio\" name=\"toggle-group\">\n\t<div>\n<p>Estamos situados directamente en la calle Robinson en el distrito de leche directamente a trav&eacute;s de la TG Lee leche Lecher&iacute;a junto a un 7-11. Busque nuestro letrero Benenati. Hay aparcamiento en la parte trasera.<\/p>\n<p>Nuestra oficina est&aacute; ubicada en la ciudad de Kissimmee John Young junto a LabCorp. A dos cuadras hacia el sur por la 192\/Vine inmediatamente pasado Oak Street.<\/p>\n<p>Desde el oeste del centro de Orlando:<\/p>\n<p>Tome la I-4 East hacia el centro,<\/p>\n<p>Tome la salida 83A para el Estado Hwy 50\/Amelia Street,<\/p>\n<p>Gire a la derecha en Amelia Street,<\/p>\n<p>Gire a la derecha en N. Orange Avenue,<\/p>\n<p>Gire a la izquierda en E. Robinson Street (1 cuadra despu&eacute;s de courthouse)<\/p>\n<p>Destino estar&aacute; a su izquierda en el gris de 5 pisos edificio Banco de Comercio de Florida<\/p>\n<p><strong>&iquest;Por qu&eacute; debe contratarnos?<\/strong><\/p>\n<p>Prefiere saber que sus abogados est&aacute;n desde el comienzo real de una reuni&oacute;n con un abogado en su consulta inicial para discutir su caso.<\/p>\n<p>Usted no quiere ser tratada como cualquier otro n&uacute;mero. Realmente desea hablar con su abogado cuando tenga preguntas.<\/p>\n<p>Desea atenci&oacute;n personal, un abogado experimentado y dedicado trabajo duro a la hora de resolver su caso.<\/p>\n<\/div>\n<\/label>\n\t\t<\/div>\n\t\t\t<\/div>\n<\/section>\n\n\n\n\n<section class=\"contact-page-section section-padding \">\n\t<div class=\"content-width\">\n\t\t<h2>Oficina de Kissimmee\t\t<\/h2>\n\t\t\n\t\t<div class=\"contact-icons flex\">\n\t\t\t\n\t\t\t\n\t\t\t<div class=\"address\">\n\t\t\t\t<img decoding=\"async\" width=\"404\" height=\"235\" src=\"\" class=\"attachment-full size-full\" alt=\"\" srcset=\"https:\/\/www.777injury.com\/wp-content\/uploads\/2016\/08\/contact-1.png 404w, https:\/\/www.777injury.com\/wp-content\/uploads\/2016\/08\/contact-1-300x175.png 300w\" sizes=\"auto, (max-width: 34.9rem) calc(100vw - 2rem), (max-width: 53rem) calc(8 * (100vw \/ 12)), (min-width: 53rem) calc(6 * (100vw \/ 12)), 100vw\" data-url=\"https:\/\/www.777injury.com\/wp-content\/uploads\/2016\/08\/contact-1.png\" loading=\"lazy\" \/>\t\t\t\t<p>\n\t\t\t\t\t624 Patrick Street<br>\n\t\t\t\t\tKissimmee, Florida 34741\t\t\t\t<\/p>\n\t\t\t<\/div>\n\t\t\t\n\t\t\t\n\t\t\t<div class=\"phone\">\n\t\t\t\t<img decoding=\"async\" width=\"404\" height=\"229\" src=\"\" class=\"attachment-full size-full\" alt=\"\" srcset=\"https:\/\/www.777injury.com\/wp-content\/uploads\/2016\/08\/contact-2.png 404w, https:\/\/www.777injury.com\/wp-content\/uploads\/2016\/08\/contact-2-300x170.png 300w\" sizes=\"auto, (max-width: 34.9rem) calc(100vw - 2rem), (max-width: 53rem) calc(8 * (100vw \/ 12)), (min-width: 53rem) calc(6 * (100vw \/ 12)), 100vw\" data-url=\"https:\/\/www.777injury.com\/wp-content\/uploads\/2016\/08\/contact-2.png\" loading=\"lazy\" \/>\t\t\t\t<p>\n\t\t\t\t\t<a href=\"tel:+1(407) 777-7777\">(407) 777-7777<\/a>\n\t\t\t\t<\/p>\n\t\t\t<\/div>\n\t\t\t\n\t\t\t\n\t\t\t<div class=\"email\">\n\t\t\t\t<img decoding=\"async\" width=\"404\" height=\"218\" src=\"\" class=\"attachment-full size-full\" alt=\"\" srcset=\"https:\/\/www.777injury.com\/wp-content\/uploads\/2016\/08\/contact-3.png 404w, https:\/\/www.777injury.com\/wp-content\/uploads\/2016\/08\/contact-3-300x162.png 300w\" sizes=\"auto, (max-width: 34.9rem) calc(100vw - 2rem), (max-width: 53rem) calc(8 * (100vw \/ 12)), (min-width: 53rem) calc(6 * (100vw \/ 12)), 100vw\" data-url=\"https:\/\/www.777injury.com\/wp-content\/uploads\/2016\/08\/contact-3.png\" loading=\"lazy\" \/>\t\t\t\t<p>\n\t\t\t\t\t<a href=\"mailto:info@wfblawfirm.com\">info@wfblawfirm.com<\/a>\n\t\t\t\t<\/p>\n\t\t\t<\/div>\n\t\t\t\n\t\t\t\n\t\t<\/div>\n\t\t<div class=\"map\">\n\t\t\t\n<iframe loading=\"lazy\" style=\"border: 0px; opacity: 1; visibility: visible;\" src=\"https:\/\/www.google.com\/maps\/embed?pb=!1m18!1m12!1m3!1d3512.965513301115!2d-81.41837748492523!3d28.299368805832135!2m3!1f0!2f0!3f0!3m2!1i1024!2i768!4f13.1!3m3!1m2!1s0x88e77afbebe4b08b%3A0x87e159d678e4d317!2sLaw+Offices+of+Walter+F.+Benenati!5e0!3m2!1sen!2sus!4v1471623964381\" width=\"93%\" height=\"300\" frameborder=\"0\" allowfullscreen=\"allowfullscreen\" data-rocket-lazyload=\"fitvidscompatible\" data-lazy-src=\"https:\/\/www.google.com\/maps\/embed?pb=!1m18!1m12!1m3!1d3512.965513301115!2d-81.41837748492523!3d28.299368805832135!2m3!1f0!2f0!3f0!3m2!1i1024!2i768!4f13.1!3m3!1m2!1s0x88e77afbebe4b08b%3A0x87e159d678e4d317!2sLaw+Offices+of+Walter+F.+Benenati!5e0!3m2!1sen!2sus!4v1471623964381\" class=\"lazyloaded\" data-was-processed=\"true\"><\/iframe><br \/>\n\n<label class=\"toggle\">\n\t<strong>OBTENER LAS DIRECCIONES<\/strong>\n\t<input type=\"radio\" name=\"toggle-group\">\n\t<div>\n<p>Estamos situados directamente en la calle Robinson en el distrito de leche directamente a trav&eacute;s de la TG Lee leche Lecher&iacute;a junto a un 7-11. Busque nuestro letrero Benenati. Hay aparcamiento en la parte trasera.<\/p>\n<p>Nuestra oficina est&aacute; ubicada en la ciudad de Kissimmee John Young junto a LabCorp. A dos cuadras hacia el sur por la 192\/Vine inmediatamente pasado Oak Street.<\/p>\n<p>Desde el oeste del centro de Orlando:<\/p>\n<p>Tome la I-4 East hacia el centro,<\/p>\n<p>Tome la salida 83A para el Estado Hwy 50\/Amelia Street,<\/p>\n<p>Gire a la derecha en Amelia Street,<\/p>\n<p>Gire a la derecha en N. Orange Avenue,<\/p>\n<p>Gire a la izquierda en E. Robinson Street (1 cuadra despu&eacute;s de courthouse)<\/p>\n<p>Destino estar&aacute; a su izquierda en el gris de 5 pisos edificio Banco de Comercio de Florida<\/p>\n<\/div>\n<\/label>\n\t\t<\/div>\n\t\t\t<\/div>\n<\/section>\n\n\n\n<section class=\"contact-form-section section-padding lazyload\" data-bg-img=\"https:\/\/www.777injury.com\/wp-content\/uploads\/2016\/08\/consultation-bg.jpg\" id=\"get-help\">\n\t<div class=\"content-width\">\n\t\t<h2>Consulta Inicial Gratuita<\/h2>\n\t\t<p>Si usted ha sufrido una lesi\u00f3n grave debido a la negligencia de otro, o se est\u00e1 asfixiando bajo monta\u00f1as de deudas, una consulta con el bufete de abogados de Benenati puede resultar extremadamente ventajosa. Le animamos a que llame a nuestras oficinas hoy al 407-777-7777, o llene nuestro formulario en l\u00ednea para solicitar su consulta de caso gratis, sin compromiso y completamente confidencial. Si usted es incapaz de viajar a nuestra ubicaci\u00f3n durante nuestras horas de oficina, ofrecemos despu\u00e9s de horas y visitas a domicilio para su conveniencia, tambi\u00e9n.\n<\/p>\n\n\t\t<iframe class=\"resizable\" title=\"Contact Form\" data-url=\"\/ajax-form-1\/\" aria-label=\"Contact Form\" frameborder=\"0\" width=\"600\" height=\"100\"><\/iframe>\n\t<\/div>\n<\/section>\n\n\n\n","protected":false},"excerpt":{"rendered":"","protected":false},"author":1,"featured_media":0,"parent":0,"menu_order":0,"comment_status":"closed","ping_status":"closed","template":"","meta":{"footnotes":""},"class_list":["post-1355","page","type-page","status-publish","hentry","entry"],"yoast_head":"<!-- This site is optimized with the Yoast SEO plugin v27.5 - https:\/\/yoast.com\/product\/yoast-seo-wordpress\/ -->\n<title>Cont\u00e1ctenos | Benenati Law Firm<\/title>\n<meta name=\"description\" content=\"Llena nuestra forma de contacto en linea o llama directamente al 407-777-777 para hacer tu consulta gratis y confidencial.\" \/>\n<meta name=\"robots\" content=\"index, follow, max-snippet:-1, max-image-preview:large, max-video-preview:-1\" \/>\n<link rel=\"canonical\" href=\"https:\/\/www.777injury.com\/es\/contactenos\/\" \/>\n<meta property=\"og:locale\" content=\"es_ES\" \/>\n<meta property=\"og:type\" content=\"article\" \/>\n<meta property=\"og:title\" content=\"Cont\u00e1ctenos | Benenati Law Firm\" \/>\n<meta property=\"og:description\" content=\"Llena nuestra forma de contacto en linea o llama directamente al 407-777-777 para hacer tu consulta gratis y confidencial.\" \/>\n<meta property=\"og:url\" content=\"https:\/\/www.777injury.com\/es\/contactenos\/\" \/>\n<meta property=\"og:site_name\" content=\"Benenati Law Firm\" \/>\n<meta property=\"article:modified_time\" content=\"2020-03-10T17:28:13+00:00\" \/>\n<meta name=\"twitter:card\" content=\"summary_large_image\" \/>\n<meta name=\"twitter:label1\" content=\"Tiempo de lectura\" \/>\n\t<meta name=\"twitter:data1\" content=\"3 minutos\" \/>\n<script type=\"application\/ld+json\" class=\"yoast-schema-graph\">{\"@context\":\"https:\\\/\\\/schema.org\",\"@graph\":[{\"@type\":\"WebPage\",\"@id\":\"https:\\\/\\\/www.777injury.com\\\/es\\\/contactenos\\\/\",\"url\":\"https:\\\/\\\/www.777injury.com\\\/es\\\/contactenos\\\/\",\"name\":\"Cont\u00e1ctenos | Benenati Law Firm\",\"isPartOf\":{\"@id\":\"https:\\\/\\\/www.777injury.com\\\/#website\"},\"datePublished\":\"2018-01-15T22:17:24+00:00\",\"dateModified\":\"2020-03-10T17:28:13+00:00\",\"description\":\"Llena nuestra forma de contacto en linea o llama directamente al 407-777-777 para hacer tu consulta gratis y confidencial.\",\"breadcrumb\":{\"@id\":\"https:\\\/\\\/www.777injury.com\\\/es\\\/contactenos\\\/#breadcrumb\"},\"inLanguage\":\"es\",\"potentialAction\":[{\"@type\":\"ReadAction\",\"target\":[\"https:\\\/\\\/www.777injury.com\\\/es\\\/contactenos\\\/\"]}]},{\"@type\":\"BreadcrumbList\",\"@id\":\"https:\\\/\\\/www.777injury.com\\\/es\\\/contactenos\\\/#breadcrumb\",\"itemListElement\":[{\"@type\":\"ListItem\",\"position\":1,\"name\":\"Home\",\"item\":\"https:\\\/\\\/www.777injury.com\\\/es\\\/\"},{\"@type\":\"ListItem\",\"position\":2,\"name\":\"Cont\u00e1ctenos\"}]},{\"@type\":\"WebSite\",\"@id\":\"https:\\\/\\\/www.777injury.com\\\/#website\",\"url\":\"https:\\\/\\\/www.777injury.com\\\/\",\"name\":\"Benenati Law Firm\",\"description\":\"\",\"publisher\":{\"@id\":\"https:\\\/\\\/www.777injury.com\\\/#organization\"},\"potentialAction\":[{\"@type\":\"SearchAction\",\"target\":{\"@type\":\"EntryPoint\",\"urlTemplate\":\"https:\\\/\\\/www.777injury.com\\\/?s={search_term_string}\"},\"query-input\":{\"@type\":\"PropertyValueSpecification\",\"valueRequired\":true,\"valueName\":\"search_term_string\"}}],\"inLanguage\":\"es\"},{\"@type\":\"Organization\",\"@id\":\"https:\\\/\\\/www.777injury.com\\\/#organization\",\"name\":\"Benenati Law Firm\",\"url\":\"https:\\\/\\\/www.777injury.com\\\/\",\"logo\":{\"@type\":\"ImageObject\",\"inLanguage\":\"es\",\"@id\":\"https:\\\/\\\/www.777injury.com\\\/#\\\/schema\\\/logo\\\/image\\\/\",\"url\":\"https:\\\/\\\/www.777injury.com\\\/wp-content\\\/uploads\\\/2023\\\/03\\\/cropped-Dial_7_if_you_need_a_lawyer-removebg-preview.png\",\"contentUrl\":\"https:\\\/\\\/www.777injury.com\\\/wp-content\\\/uploads\\\/2023\\\/03\\\/cropped-Dial_7_if_you_need_a_lawyer-removebg-preview.png\",\"width\":190,\"height\":190,\"caption\":\"Benenati Law Firm\"},\"image\":{\"@id\":\"https:\\\/\\\/www.777injury.com\\\/#\\\/schema\\\/logo\\\/image\\\/\"}}]}<\/script>\n<!-- \/ Yoast SEO plugin. -->","yoast_head_json":{"title":"Cont\u00e1ctenos | Benenati Law Firm","description":"Llena nuestra forma de contacto en linea o llama directamente al 407-777-777 para hacer tu consulta gratis y confidencial.","robots":{"index":"index","follow":"follow","max-snippet":"max-snippet:-1","max-image-preview":"max-image-preview:large","max-video-preview":"max-video-preview:-1"},"canonical":"https:\/\/www.777injury.com\/es\/contactenos\/","og_locale":"es_ES","og_type":"article","og_title":"Cont\u00e1ctenos | Benenati Law Firm","og_description":"Llena nuestra forma de contacto en linea o llama directamente al 407-777-777 para hacer tu consulta gratis y confidencial.","og_url":"https:\/\/www.777injury.com\/es\/contactenos\/","og_site_name":"Benenati Law Firm","article_modified_time":"2020-03-10T17:28:13+00:00","twitter_card":"summary_large_image","twitter_misc":{"Tiempo de lectura":"3 minutos"},"schema":{"@context":"https:\/\/schema.org","@graph":[{"@type":"WebPage","@id":"https:\/\/www.777injury.com\/es\/contactenos\/","url":"https:\/\/www.777injury.com\/es\/contactenos\/","name":"Cont\u00e1ctenos | Benenati Law Firm","isPartOf":{"@id":"https:\/\/www.777injury.com\/#website"},"datePublished":"2018-01-15T22:17:24+00:00","dateModified":"2020-03-10T17:28:13+00:00","description":"Llena nuestra forma de contacto en linea o llama directamente al 407-777-777 para hacer tu consulta gratis y confidencial.","breadcrumb":{"@id":"https:\/\/www.777injury.com\/es\/contactenos\/#breadcrumb"},"inLanguage":"es","potentialAction":[{"@type":"ReadAction","target":["https:\/\/www.777injury.com\/es\/contactenos\/"]}]},{"@type":"BreadcrumbList","@id":"https:\/\/www.777injury.com\/es\/contactenos\/#breadcrumb","itemListElement":[{"@type":"ListItem","position":1,"name":"Home","item":"https:\/\/www.777injury.com\/es\/"},{"@type":"ListItem","position":2,"name":"Cont\u00e1ctenos"}]},{"@type":"WebSite","@id":"https:\/\/www.777injury.com\/#website","url":"https:\/\/www.777injury.com\/","name":"Benenati Law Firm","description":"","publisher":{"@id":"https:\/\/www.777injury.com\/#organization"},"potentialAction":[{"@type":"SearchAction","target":{"@type":"EntryPoint","urlTemplate":"https:\/\/www.777injury.com\/?s={search_term_string}"},"query-input":{"@type":"PropertyValueSpecification","valueRequired":true,"valueName":"search_term_string"}}],"inLanguage":"es"},{"@type":"Organization","@id":"https:\/\/www.777injury.com\/#organization","name":"Benenati Law Firm","url":"https:\/\/www.777injury.com\/","logo":{"@type":"ImageObject","inLanguage":"es","@id":"https:\/\/www.777injury.com\/#\/schema\/logo\/image\/","url":"https:\/\/www.777injury.com\/wp-content\/uploads\/2023\/03\/cropped-Dial_7_if_you_need_a_lawyer-removebg-preview.png","contentUrl":"https:\/\/www.777injury.com\/wp-content\/uploads\/2023\/03\/cropped-Dial_7_if_you_need_a_lawyer-removebg-preview.png","width":190,"height":190,"caption":"Benenati Law Firm"},"image":{"@id":"https:\/\/www.777injury.com\/#\/schema\/logo\/image\/"}}]}},"_links":{"self":[{"href":"https:\/\/www.777injury.com\/es\/wp-json\/wp\/v2\/pages\/1355","targetHints":{"allow":["GET"]}}],"collection":[{"href":"https:\/\/www.777injury.com\/es\/wp-json\/wp\/v2\/pages"}],"about":[{"href":"https:\/\/www.777injury.com\/es\/wp-json\/wp\/v2\/types\/page"}],"author":[{"embeddable":true,"href":"https:\/\/www.777injury.com\/es\/wp-json\/wp\/v2\/users\/1"}],"replies":[{"embeddable":true,"href":"https:\/\/www.777injury.com\/es\/wp-json\/wp\/v2\/comments?post=1355"}],"version-history":[{"count":0,"href":"https:\/\/www.777injury.com\/es\/wp-json\/wp\/v2\/pages\/1355\/revisions"}],"wp:attachment":[{"href":"https:\/\/www.777injury.com\/es\/wp-json\/wp\/v2\/media?parent=1355"}],"curies":[{"name":"wp","href":"https:\/\/api.w.org\/{rel}","templated":true}]}}